{"id":35355,"date":"2024-11-21T16:03:38","date_gmt":"2024-11-21T15:03:38","guid":{"rendered":"https:\/\/clicasia.com\/producto\/introduccio-a-la-pronunciacio\/"},"modified":"2024-11-21T16:03:38","modified_gmt":"2024-11-21T15:03:38","slug":"introduccio-a-la-pronunciacio","status":"publish","type":"product","link":"https:\/\/clicasia.com\/ca\/producto\/introduccio-a-la-pronunciacio\/","title":{"rendered":"Introducci\u00f3 a la pronunciaci\u00f3"},"content":{"rendered":"<p><!-- Contenido HTML --><\/p>\n<div class=\"promocion-curso\">\n<h1>Curs de Pronunciaci\u00f3 del Xin\u00e8s Mandar\u00ed<\/h1>\n<p>Descobreix els secrets de la pronunciaci\u00f3 del xin\u00e8s mandar\u00ed, entenent els canvis fon\u00e8tics i dominant els diferents tons. Aprofita el flux natural de l&#8217;espanyol com un excel\u00b7lent punt de partida per assolir una pronunciaci\u00f3 aut\u00e8ntica. <\/p>\n<ul>\n<li><strong>Canvis fon\u00e8tics:<\/strong> Apr\u00e8n a identificar i reproduir els sons \u00fanics del mandar\u00ed i les regles m\u00e9s b\u00e0siques que regeixen els canvis tonals.<\/li>\n<li><strong>Diferents tons:<\/strong> Domina els tons fonamentals i el seu impacte en el significat de les paraules.<\/li>\n<li><strong>Flux natural de l&#8217;espanyol:<\/strong> Fes servir les teves habilitats natives per facilitar la pronunciaci\u00f3 en mandar\u00ed.<\/li>\n<\/ul>\n<p>Inscriu-te avui i comen\u00e7a el teu cam\u00ed cap a una pronunciaci\u00f3 perfecta del xin\u00e8s mandar\u00ed amb un enfocament adaptat per a hispanoparlants!<\/p>\n<\/div>\n<p><!-- Estilos CSS --><\/p>\n","protected":false},"excerpt":{"rendered":"<p>Curs de Pronunciaci\u00f3 del Xin\u00e8s Mandar\u00ed Descobreix els secrets de la pronunciaci\u00f3 del xin\u00e8s mandar\u00ed, entenent els canvis fon\u00e8tics i dominant els diferents tons. Aprofita el flux natural de l&#8217;espanyol com un excel\u00b7lent punt de partida per assolir una pronunciaci\u00f3 aut\u00e8ntica. Canvis fon\u00e8tics: Apr\u00e8n a identificar i reproduir els sons \u00fanics del mandar\u00ed i les regles m\u00e9s b\u00e0siques que regeixen els canvis tonals. Diferents tons: Domina els tons fonamentals i el seu impacte en el significat de les paraules. Flux natural de l&#8217;espanyol: Fes servir les teves habilitats natives per facilitar la pronunciaci\u00f3 en mandar\u00ed. Inscriu-te avui i comen\u00e7a el teu cam\u00ed cap a una pronunciaci\u00f3 perfecta del xin\u00e8s mandar\u00ed amb un enfocament adaptat per a hispanoparlants!<\/p>\n","protected":false},"featured_media":28037,"template":"","meta":{"_eb_attr":"","rop_custom_images_group":[],"rop_custom_messages_group":[],"rop_publish_now":"initial","rop_publish_now_accounts":[],"rop_publish_now_history":[],"rop_publish_now_status":"pending","_joinchat":[]},"product_brand":[],"product_cat":[3147],"product_tag":[],"class_list":{"0":"post-35355","1":"product","2":"type-product","3":"status-publish","4":"has-post-thumbnail","6":"product_cat-sense-categoritzar","8":"first","9":"instock","10":"sale","11":"shipping-taxable","12":"purchasable","13":"product-type-simple"},"_links":{"self":[{"href":"https:\/\/clicasia.com\/ca\/wp-json\/wp\/v2\/product\/35355","targetHints":{"allow":["GET"]}}],"collection":[{"href":"https:\/\/clicasia.com\/ca\/wp-json\/wp\/v2\/product"}],"about":[{"href":"https:\/\/clicasia.com\/ca\/wp-json\/wp\/v2\/types\/product"}],"version-history":[{"count":0,"href":"https:\/\/clicasia.com\/ca\/wp-json\/wp\/v2\/product\/35355\/revisions"}],"wp:featuredmedia":[{"embeddable":true,"href":"https:\/\/clicasia.com\/ca\/wp-json\/wp\/v2\/media\/28037"}],"wp:attachment":[{"href":"https:\/\/clicasia.com\/ca\/wp-json\/wp\/v2\/media?parent=35355"}],"wp:term":[{"taxonomy":"product_brand","embeddable":true,"href":"https:\/\/clicasia.com\/ca\/wp-json\/wp\/v2\/product_brand?post=35355"},{"taxonomy":"product_cat","embeddable":true,"href":"https:\/\/clicasia.com\/ca\/wp-json\/wp\/v2\/product_cat?post=35355"},{"taxonomy":"product_tag","embeddable":true,"href":"https:\/\/clicasia.com\/ca\/wp-json\/wp\/v2\/product_tag?post=35355"}],"curies":[{"name":"wp","href":"https:\/\/api.w.org\/{rel}","templated":true}]}}