{"id":34792,"date":"2024-11-27T16:48:17","date_gmt":"2024-11-27T15:48:17","guid":{"rendered":"https:\/\/clicasia.com\/producto\/linguistica-i-fonetica\/"},"modified":"2024-11-27T16:48:17","modified_gmt":"2024-11-27T15:48:17","slug":"linguistica-i-fonetica","status":"publish","type":"product","link":"https:\/\/clicasia.com\/ca\/producto\/linguistica-i-fonetica\/","title":{"rendered":"Ling\u00fc\u00edstica I: Fon\u00e8tica"},"content":{"rendered":"","protected":false},"excerpt":{"rendered":"","protected":false},"featured_media":28104,"template":"","meta":{"_eb_attr":"","rop_custom_images_group":[],"rop_custom_messages_group":[],"rop_publish_now":"initial","rop_publish_now_accounts":[],"rop_publish_now_history":[],"rop_publish_now_status":"pending","_joinchat":[]},"product_brand":[],"product_cat":[3147],"product_tag":[],"class_list":{"0":"post-34792","1":"product","2":"type-product","3":"status-publish","4":"has-post-thumbnail","6":"product_cat-sense-categoritzar","8":"first","9":"instock","10":"sale","11":"shipping-taxable","12":"purchasable","13":"product-type-simple"},"_links":{"self":[{"href":"https:\/\/clicasia.com\/ca\/wp-json\/wp\/v2\/product\/34792","targetHints":{"allow":["GET"]}}],"collection":[{"href":"https:\/\/clicasia.com\/ca\/wp-json\/wp\/v2\/product"}],"about":[{"href":"https:\/\/clicasia.com\/ca\/wp-json\/wp\/v2\/types\/product"}],"version-history":[{"count":0,"href":"https:\/\/clicasia.com\/ca\/wp-json\/wp\/v2\/product\/34792\/revisions"}],"wp:featuredmedia":[{"embeddable":true,"href":"https:\/\/clicasia.com\/ca\/wp-json\/wp\/v2\/media\/28104"}],"wp:attachment":[{"href":"https:\/\/clicasia.com\/ca\/wp-json\/wp\/v2\/media?parent=34792"}],"wp:term":[{"taxonomy":"product_brand","embeddable":true,"href":"https:\/\/clicasia.com\/ca\/wp-json\/wp\/v2\/product_brand?post=34792"},{"taxonomy":"product_cat","embeddable":true,"href":"https:\/\/clicasia.com\/ca\/wp-json\/wp\/v2\/product_cat?post=34792"},{"taxonomy":"product_tag","embeddable":true,"href":"https:\/\/clicasia.com\/ca\/wp-json\/wp\/v2\/product_tag?post=34792"}],"curies":[{"name":"wp","href":"https:\/\/api.w.org\/{rel}","templated":true}]}}