{"id":34576,"date":"2020-11-02T12:34:46","date_gmt":"2020-11-02T11:34:46","guid":{"rendered":"https:\/\/clicasia.com\/producto\/xines-reserva\/"},"modified":"2026-04-15T14:34:19","modified_gmt":"2026-04-15T12:34:19","slug":"xines-reserva","status":"publish","type":"product","link":"https:\/\/clicasia.com\/ca\/producto\/xines-reserva\/","title":{"rendered":"Xin\u00e8s (Reserva)"},"content":{"rendered":"","protected":false},"excerpt":{"rendered":"<div class=\"et_pb_section et_pb_section_1 et_section_regular\">\n<div class=\"et_pb_row et_pb_row_0\">\n<div class=\"et_pb_column et_pb_column_1_3 et_pb_column_2 et_pb_css_mix_blend_mode_passthrough\">\n<div class=\"et_pb_module et_pb_text et_pb_text_2 et_pb_bg_layout_light et_pb_text_align_left\">\n<div class=\"et_pb_text_inner\">\n<h1>Professors nadius<\/h1>\n<p>Tots s\u00f3n llicenciats a l&#8217;\u00e0mbit d&#8217;Humanitats o Ci\u00e8ncies Socials, amb t\u00edtols de m\u00e0ster i doctorat.<\/p>\n<\/div>\n<\/div>\n<\/div>\n<div class=\"et_pb_column et_pb_column_1_3 et_pb_column_3 et_pb_css_mix_blend_mode_passthrough\">\n<div class=\"et_pb_module et_pb_text et_pb_text_3 et_pb_bg_layout_light et_pb_text_align_left\">\n<div class=\"et_pb_text_inner\">\n<h1>Modalitats<\/h1>\n<p>Des de 2 hores a la setmana a 6 hores a la setmana, en l\u00ednia, presencial\u2026 Tu decideixes com vols aprendre ia quin ritme.<\/p>\n<\/div>\n<\/div>\n<\/div>\n<div class=\"et_pb_column et_pb_column_1_3 et_pb_column_4 et_pb_css_mix_blend_mode_passthrough\">\n<div class=\"et_pb_module et_pb_text et_pb_text_4 et_pb_bg_layout_light et_pb_text_align_left\">\n<div class=\"et_pb_text_inner\">\n<h1>Flexibilitat hor\u00e0ria<\/h1>\n<p>Obrim de dilluns a dissabte, amb grups disponibles en diversos horaris, per donar-te la llibertat que necessites.<\/p>\n<\/div>\n<\/div>\n<\/div>\n<\/div>\n<div class=\"et_pb_row et_pb_row_1\">\n<div class=\"et_pb_column et_pb_column_1_2 et_pb_column_5 et_pb_css_mix_blend_mode_passthrough et_pb_column_empty\"><\/div>\n<div class=\"et_pb_column et_pb_column_1_2 et_pb_column_6 et_pb_css_mix_blend_mode_passthrough et_pb_column_empty\"><\/div>\n<\/div>\n<\/div>\n<div class=\"et_pb_section et_pb_section_2 et_pb_with_background et_section_regular\">\n<div class=\"et_pb_row et_pb_row_2\">\n<div class=\"et_pb_column et_pb_column_4_4 et_pb_column_7 et_pb_css_mix_blend_mode_passthrough et-last-child\">\n<div class=\"et_pb_module et_pb_text et_pb_text_5 et_pb_bg_layout_light et_pb_text_align_left\">\n<div class=\"et_pb_text_inner\">\n<h1><b>El m\u00e8tode<\/b><\/h1>\n<p><b><\/b>Ling\u00fc\u00edstica cognitiva i processament del llenguatge<\/p>\n<\/div>\n<\/div>\n<\/div>\n<\/div>\n<div class=\"et_pb_row et_pb_row_3\">\n<div class=\"et_pb_column et_pb_column_1_2 et_pb_column_8 et_pb_css_mix_blend_mode_passthrough\">\n<div class=\"et_pb_module et_pb_text et_pb_text_6 et_pb_bg_layout_light et_pb_text_align_left\">\n<div class=\"et_pb_text_inner\">\n<p>A la nostra acad\u00e8mia intentem rec\u00f3rrer al patr\u00f3 cognitiu que comparteixen entre la llengua que l&#8217;alumne est\u00e0 aprenent i la seva llengua materna, aix\u00ed que destaquem el paper de la L1 a l&#8217;ensenyament mitjan\u00e7ant les t\u00e8cniques de traducci\u00f3.<\/p>\n<\/div>\n<\/div>\n<\/div>\n<div class=\"et_pb_column et_pb_column_1_2 et_pb_column_9 et_pb_css_mix_blend_mode_passthrough\">\n<div class=\"et_pb_module et_pb_text et_pb_text_7 et_pb_bg_layout_light et_pb_text_align_left\">\n<div class=\"et_pb_text_inner\">\n<p>Des d&#8217;un nivell d&#8217;abstracci\u00f3 alt, totes les lleng\u00fces naturals encaixen al mateix model, ja que l&#8217;estructura sint\u00e0ctica de base \u00e9s la mateixa. Ressaltem el paper de la gram\u00e0tica en la comunicaci\u00f3 en el sentit que la difer\u00e8ncia de la perspectiva entre dues frases \u00e9s el resultat de la diversitat estructural. <\/p>\n<\/div>\n<\/div>\n<\/div>\n<\/div>\n<div class=\"et_pb_row et_pb_row_4\">\n<div class=\"et_pb_column et_pb_column_1_2 et_pb_column_10 et_pb_css_mix_blend_mode_passthrough\">\n<div class=\"et_pb_module et_pb_text et_pb_text_8 et_pb_bg_layout_light et_pb_text_align_left\">\n<div class=\"et_pb_text_inner\">\n<p>A l&#8217;hora de seleccionar estructures tenim en compte la llei de Zipf recorrent al corpus de freq\u00fc\u00e8ncia, de manera que assegurem que les estructures seleccionades s\u00f3n naturals, d&#8217;\u00fas freq\u00fcent i, si \u00e9s possible, f\u00e0cils de combinar entre si.<\/p>\n<\/div>\n<\/div>\n<\/div>\n<div class=\"et_pb_column et_pb_column_1_2 et_pb_column_11 et_pb_css_mix_blend_mode_passthrough\">\n<div class=\"et_pb_module et_pb_text et_pb_text_9 et_pb_bg_layout_light et_pb_text_align_left\">\n<div class=\"et_pb_text_inner\">\n<p>La principal idea \u00e9s obtenir comunicaci\u00f3 des del primer dia, \u00e9s a dir, tots els estudiants independentment del nivell que posseeixin: ja sigui molt ric o esc\u00e0s, utilitzin tot el seu bagatge ling\u00fc\u00edstic per poder comunicar-se. Llegeix <a href=\"http:\/\/178.62.225.26\/metodologia-para-ninos\/\">AQU\u00cd<\/a> la metodologia <strong>per a nens<\/strong> . <\/p>\n<\/div>\n<\/div>\n<\/div>\n<\/div>\n<\/div>\n<div class=\"et_pb_section et_pb_section_3 et_pb_with_background et_section_regular\">\n<div class=\"et_pb_row et_pb_row_5 et_pb_equal_columns\">\n<div class=\"et_pb_column et_pb_column_1_2 et_pb_column_12 et_pb_css_mix_blend_mode_passthrough\">\n<div class=\"et_pb_module et_pb_text et_pb_text_10 et_pb_bg_layout_light et_pb_text_align_left\">\n<div class=\"et_pb_text_inner\">\n<h3>T&#8217;has conven\u00e7ut? Apunta&#8217;t al nostre curs i apr\u00e8n xin\u00e8s amb la nostra metodologia \u00fanica al m\u00f3n! <\/h3>\n<\/div>\n<\/div>\n<\/div>\n<div class=\"et_pb_column et_pb_column_1_2 et_pb_column_13 et_pb_css_mix_blend_mode_passthrough\">\n<div class=\"et_pb_button_module_wrapper et_pb_button_2_wrapper et_pb_button_alignment_left et_pb_module \"><a class=\"et_pb_button et_pb_button_2 et_pb_bg_layout_light\" href=\"http:\/\/178.62.225.26\/cursos\/chino\/#formulario\">M&#8217;hi apunto!<\/a><\/div>\n<\/div>\n<\/div>\n<\/div>\n<div class=\"et_pb_section et_pb_section_4 et_pb_with_background et_section_regular\">\n<div class=\"et_pb_row et_pb_row_6\">\n<div class=\"et_pb_column et_pb_column_1_2 et_pb_column_14 et_pb_css_mix_blend_mode_passthrough\">\n<div class=\"et_pb_module et_pb_text et_pb_text_11 et_pb_bg_layout_light et_pb_text_align_left\">\n<div class=\"et_pb_text_inner\">\n<h2><strong>Estudiar a la Xina<\/strong><\/h2>\n<p>Clicasia tamb\u00e9 t&#8217;ofereix l&#8217;oportunitat \u00fanica d&#8217;aprendre xin\u00e8s a la nostra acad\u00e8mia de Yunnan, amb professors nadius i alumnes de la mateixa edat disposats a compartir amb tu una experi\u00e8ncia inoblidable. <strong><a href=\"http:\/\/178.62.225.26\/curso-de-chino-en-china\/\">Fes clic AQU\u00cd<\/a><\/strong> per descobrir m\u00e9s o <strong><a href=\"http:\/\/178.62.225.26\/contacto\">contacta&#8217;ns<\/a><\/strong> si vols rebre informaci\u00f3 personalitzada. <\/p>\n<p>&nbsp;<\/p>\n<\/div>\n<\/div>\n<\/div>\n<div class=\"et_pb_column et_pb_column_1_2 et_pb_column_15 et_pb_css_mix_blend_mode_passthrough\">\n<div class=\"et_pb_module et_pb_text et_pb_text_12 et_pb_bg_layout_light et_pb_text_align_left\">\n<div class=\"et_pb_text_inner\">\n<h2><strong>El centre<\/strong><\/h2>\n<p>Amb m\u00e9s de 20 anys d&#8217;experi\u00e8ncia, Clicasia \u00e9s l&#8217;\u00fanica escola especialitzada en idiomes i cultures asi\u00e0tiques a Barcelona. Comptem, a m\u00e9s, amb acad\u00e8mies a la Xina, Corea del Sud i el Jap\u00f3 on enviem als nostres alumnes que volen experimentar la cultura de primera m\u00e0 juntament amb nadius. <\/p>\n<\/div>\n<\/div>\n<\/div>\n<\/div>\n<\/div>\n","protected":false},"featured_media":360,"template":"","meta":{"_eb_attr":"","rop_custom_images_group":[],"rop_custom_messages_group":[],"rop_publish_now":"initial","rop_publish_now_accounts":[],"rop_publish_now_history":[],"rop_publish_now_status":"pending","_joinchat":[]},"product_brand":[],"product_cat":[3142],"product_tag":[],"class_list":{"0":"post-34576","1":"product","2":"type-product","3":"status-publish","4":"has-post-thumbnail","6":"product_cat-cursos","8":"first","9":"instock","10":"shipping-taxable","11":"purchasable","12":"product-type-variable"},"_links":{"self":[{"href":"https:\/\/clicasia.com\/ca\/wp-json\/wp\/v2\/product\/34576","targetHints":{"allow":["GET"]}}],"collection":[{"href":"https:\/\/clicasia.com\/ca\/wp-json\/wp\/v2\/product"}],"about":[{"href":"https:\/\/clicasia.com\/ca\/wp-json\/wp\/v2\/types\/product"}],"version-history":[{"count":1,"href":"https:\/\/clicasia.com\/ca\/wp-json\/wp\/v2\/product\/34576\/revisions"}],"predecessor-version":[{"id":34582,"href":"https:\/\/clicasia.com\/ca\/wp-json\/wp\/v2\/product\/34576\/revisions\/34582"}],"wp:featuredmedia":[{"embeddable":true,"href":"https:\/\/clicasia.com\/ca\/wp-json\/wp\/v2\/media\/360"}],"wp:attachment":[{"href":"https:\/\/clicasia.com\/ca\/wp-json\/wp\/v2\/media?parent=34576"}],"wp:term":[{"taxonomy":"product_brand","embeddable":true,"href":"https:\/\/clicasia.com\/ca\/wp-json\/wp\/v2\/product_brand?post=34576"},{"taxonomy":"product_cat","embeddable":true,"href":"https:\/\/clicasia.com\/ca\/wp-json\/wp\/v2\/product_cat?post=34576"},{"taxonomy":"product_tag","embeddable":true,"href":"https:\/\/clicasia.com\/ca\/wp-json\/wp\/v2\/product_tag?post=34576"}],"curies":[{"name":"wp","href":"https:\/\/api.w.org\/{rel}","templated":true}]}}