{"id":34551,"date":"2020-11-02T11:10:50","date_gmt":"2020-11-02T10:10:50","guid":{"rendered":"https:\/\/clicasia.com\/producto\/corea-presencial-reserva\/"},"modified":"2026-04-15T14:33:48","modified_gmt":"2026-04-15T12:33:48","slug":"corea-presencial-reserva","status":"publish","type":"product","link":"https:\/\/clicasia.com\/ca\/producto\/corea-presencial-reserva\/","title":{"rendered":"Core\u00e0 Presencial (Reserva)"},"content":{"rendered":"","protected":false},"excerpt":{"rendered":"<p>Inscripci\u00f3 per a curs trimestral de core\u00e0.<\/p>\n","protected":false},"featured_media":373,"template":"","meta":{"_eb_attr":"","rop_custom_images_group":[],"rop_custom_messages_group":[],"rop_publish_now":"initial","rop_publish_now_accounts":[],"rop_publish_now_history":[],"rop_publish_now_status":"pending","_joinchat":[]},"product_brand":[],"product_cat":[3142],"product_tag":[3145,3146,3144],"class_list":{"0":"post-34551","1":"product","2":"type-product","3":"status-publish","4":"has-post-thumbnail","6":"product_cat-cursos","7":"product_tag-clicasia-cursos-corea","8":"product_tag-clicasia-cursos-online","9":"product_tag-cursos-corea-presencial-barcelona","11":"first","12":"instock","13":"virtual","14":"purchasable","15":"product-type-simple"},"_links":{"self":[{"href":"https:\/\/clicasia.com\/ca\/wp-json\/wp\/v2\/product\/34551","targetHints":{"allow":["GET"]}}],"collection":[{"href":"https:\/\/clicasia.com\/ca\/wp-json\/wp\/v2\/product"}],"about":[{"href":"https:\/\/clicasia.com\/ca\/wp-json\/wp\/v2\/types\/product"}],"version-history":[{"count":1,"href":"https:\/\/clicasia.com\/ca\/wp-json\/wp\/v2\/product\/34551\/revisions"}],"predecessor-version":[{"id":34563,"href":"https:\/\/clicasia.com\/ca\/wp-json\/wp\/v2\/product\/34551\/revisions\/34563"}],"wp:featuredmedia":[{"embeddable":true,"href":"https:\/\/clicasia.com\/ca\/wp-json\/wp\/v2\/media\/373"}],"wp:attachment":[{"href":"https:\/\/clicasia.com\/ca\/wp-json\/wp\/v2\/media?parent=34551"}],"wp:term":[{"taxonomy":"product_brand","embeddable":true,"href":"https:\/\/clicasia.com\/ca\/wp-json\/wp\/v2\/product_brand?post=34551"},{"taxonomy":"product_cat","embeddable":true,"href":"https:\/\/clicasia.com\/ca\/wp-json\/wp\/v2\/product_cat?post=34551"},{"taxonomy":"product_tag","embeddable":true,"href":"https:\/\/clicasia.com\/ca\/wp-json\/wp\/v2\/product_tag?post=34551"}],"curies":[{"name":"wp","href":"https:\/\/api.w.org\/{rel}","templated":true}]}}