{"id":34549,"date":"2020-11-02T17:55:14","date_gmt":"2020-11-02T16:55:14","guid":{"rendered":"https:\/\/clicasia.com\/producto\/online-trimestral-reserva\/"},"modified":"2026-04-15T14:33:47","modified_gmt":"2026-04-15T12:33:47","slug":"online-trimestral-reserva","status":"publish","type":"product","link":"https:\/\/clicasia.com\/ca\/producto\/online-trimestral-reserva\/","title":{"rendered":"Online Trimestral (Reserva)"},"content":{"rendered":"","protected":false},"excerpt":{"rendered":"<p>Apr\u00e8n idiomes orientals amb nadius des de la comoditat de casa teva, amb seguiment personalitzat i la garantia de 20 anys d&#8217;experi\u00e8ncia ensenyant idiomes asi\u00e0tics a estrangers. En aquest curs, dedicar\u00e0s tres mesos a aprendre i millorar les bases dels idiomes disponibles (xin\u00e8s, japon\u00e8s i core\u00e0) amb professors nadius a la teva disposici\u00f3.<\/p>\n","protected":false},"featured_media":137,"template":"","meta":{"_eb_attr":"","rop_custom_images_group":[],"rop_custom_messages_group":[],"rop_publish_now":"initial","rop_publish_now_accounts":[],"rop_publish_now_history":[],"rop_publish_now_status":"pending","_joinchat":[]},"product_brand":[],"product_cat":[3142],"product_tag":[],"class_list":{"0":"post-34549","1":"product","2":"type-product","3":"status-publish","4":"has-post-thumbnail","6":"product_cat-cursos","8":"first","9":"instock","10":"virtual","11":"purchasable","12":"product-type-simple"},"_links":{"self":[{"href":"https:\/\/clicasia.com\/ca\/wp-json\/wp\/v2\/product\/34549","targetHints":{"allow":["GET"]}}],"collection":[{"href":"https:\/\/clicasia.com\/ca\/wp-json\/wp\/v2\/product"}],"about":[{"href":"https:\/\/clicasia.com\/ca\/wp-json\/wp\/v2\/types\/product"}],"version-history":[{"count":1,"href":"https:\/\/clicasia.com\/ca\/wp-json\/wp\/v2\/product\/34549\/revisions"}],"predecessor-version":[{"id":34561,"href":"https:\/\/clicasia.com\/ca\/wp-json\/wp\/v2\/product\/34549\/revisions\/34561"}],"wp:featuredmedia":[{"embeddable":true,"href":"https:\/\/clicasia.com\/ca\/wp-json\/wp\/v2\/media\/137"}],"wp:attachment":[{"href":"https:\/\/clicasia.com\/ca\/wp-json\/wp\/v2\/media?parent=34549"}],"wp:term":[{"taxonomy":"product_brand","embeddable":true,"href":"https:\/\/clicasia.com\/ca\/wp-json\/wp\/v2\/product_brand?post=34549"},{"taxonomy":"product_cat","embeddable":true,"href":"https:\/\/clicasia.com\/ca\/wp-json\/wp\/v2\/product_cat?post=34549"},{"taxonomy":"product_tag","embeddable":true,"href":"https:\/\/clicasia.com\/ca\/wp-json\/wp\/v2\/product_tag?post=34549"}],"curies":[{"name":"wp","href":"https:\/\/api.w.org\/{rel}","templated":true}]}}