{"id":35740,"date":"2026-04-15T14:10:59","date_gmt":"2026-04-15T12:10:59","guid":{"rendered":"https:\/\/clicasia.com\/cistella\/"},"modified":"2026-04-16T00:48:21","modified_gmt":"2026-04-15T22:48:21","slug":"cistella","status":"publish","type":"page","link":"https:\/\/clicasia.com\/ca\/cistella\/","title":{"rendered":"Cistella"},"content":{"rendered":"\n<div data-block-name=\"woocommerce\/cart\" class=\"wp-block-woocommerce-cart alignwide is-loading\">\n<div data-block-name=\"woocommerce\/filled-cart-block\" class=\"wp-block-woocommerce-filled-cart-block\">\n<div data-block-name=\"woocommerce\/cart-items-block\" class=\"wp-block-woocommerce-cart-items-block\">\n<div data-block-name=\"woocommerce\/cart-line-items-block\" class=\"wp-block-woocommerce-cart-line-items-block\"><\/div>\n\n\n<\/div>\n\n\n\n\n<div data-block-name=\"woocommerce\/cart-totals-block\" class=\"wp-block-woocommerce-cart-totals-block\">\n<div data-block-name=\"woocommerce\/cart-order-summary-block\" class=\"wp-block-woocommerce-cart-order-summary-block\">\n<div data-block-name=\"woocommerce\/cart-order-summary-heading-block\" class=\"wp-block-woocommerce-cart-order-summary-heading-block\"><\/div><div data-block-name=\"woocommerce\/cart-order-summary-coupon-form-block\" class=\"wp-block-woocommerce-cart-order-summary-coupon-form-block\"><\/div><div data-block-name=\"woocommerce\/cart-order-summary-totals-block\" class=\"wp-block-woocommerce-cart-order-summary-totals-block\">\n<div data-block-name=\"woocommerce\/cart-order-summary-subtotal-block\" class=\"wp-block-woocommerce-cart-order-summary-subtotal-block\"><\/div>\n<div data-block-name=\"woocommerce\/cart-order-summary-discount-block\" class=\"wp-block-woocommerce-cart-order-summary-discount-block\"><\/div>\n<div data-block-name=\"woocommerce\/cart-order-summary-fee-block\" class=\"wp-block-woocommerce-cart-order-summary-fee-block\"><\/div>\n<div data-block-name=\"woocommerce\/cart-order-summary-shipping-block\" class=\"wp-block-woocommerce-cart-order-summary-shipping-block\"><\/div>\n<div data-block-name=\"woocommerce\/cart-order-summary-taxes-block\" class=\"wp-block-woocommerce-cart-order-summary-taxes-block\"><\/div><\/div>\n<\/div>\n\n\n\n<div data-block-name=\"woocommerce\/cart-express-payment-block\" class=\"wp-block-woocommerce-cart-express-payment-block\"><\/div>\n\n\n\n<div data-block-name=\"woocommerce\/proceed-to-checkout-block\" class=\"wp-block-woocommerce-proceed-to-checkout-block\"><\/div>\n\n\n\n<div data-block-name=\"woocommerce\/cart-accepted-payment-methods-block\" class=\"wp-block-woocommerce-cart-accepted-payment-methods-block\"><\/div>\n<\/div>\n<\/div>\n\n\n\n<div data-block-name=\"woocommerce\/empty-cart-block\" class=\"wp-block-woocommerce-empty-cart-block\">\n<h2 class=\"wp-block-heading has-text-align-center with-empty-cart-icon wc-block-cart__empty-cart__title\">La teva cistella est\u00e0 actualment buida!<\/h2>\n\n\n\n<hr class=\"wp-block-separator has-alpha-channel-opacity is-style-dots\"\/>\n\n\n\n<h2 class=\"wp-block-heading has-text-align-center\">Nou a la botiga<\/h2>\n\n\n<div data-block-name=\"woocommerce\/product-new\" data-columns=\"4\" data-rows=\"1\" class=\"wc-block-grid wp-block-product-new wp-block-woocommerce-product-new wc-block-product-new has-4-columns\"><ul class=\"wc-block-grid__products\"><li class=\"wc-block-grid__product\"><span class=\"gtm4wp_productdata\" style=\"display:none; visibility:hidden;\" data-gtm4wp_product_data=\"{&quot;internal_id&quot;:34792,&quot;item_id&quot;:34792,&quot;item_name&quot;:&quot;Ling\\u00fc\\u00edstica I: Fon\\u00e8tica&quot;,&quot;sku&quot;:34792,&quot;price&quot;:18,&quot;stocklevel&quot;:null,&quot;stockstatus&quot;:&quot;instock&quot;,&quot;google_business_vertical&quot;:&quot;retail&quot;,&quot;item_category&quot;:&quot;Sense categoritzar&quot;,&quot;id&quot;:34792,&quot;productlink&quot;:&quot;https:\\\/\\\/clicasia.com\\\/ca\\\/producto\\\/linguistica-i-fonetica\\\/&quot;,&quot;item_list_name&quot;:&quot;Llista general de productes&quot;,&quot;index&quot;:0,&quot;product_type&quot;:&quot;simple&quot;,&quot;item_brand&quot;:&quot;&quot;}\"><\/span>\n\t\t\t\t<a href=\"https:\/\/clicasia.com\/ca\/producto\/linguistica-i-fonetica\/\" class=\"wc-block-grid__product-link\">\n\t\t\t\t\t<div class=\"wc-block-grid__product-onsale\">\n\t\t\t<span aria-hidden=\"true\">Oferta<\/span>\n\t\t\t<span class=\"screen-reader-text\">Producte rebaixat<\/span>\n\t\t<\/div>\n\t\t\t\t\t<div class=\"wc-block-grid__product-image\"><img fetchpriority=\"high\" decoding=\"async\" width=\"400\" height=\"400\" src=\"https:\/\/clicasia.com\/wp-content\/uploads\/2024\/11\/DALL\u00b7E-2024-11-27-16.45.16-A-minimalist-illustration-representing-a-linguistics-course.-The-image-features-a-stylized-open-book-with-letters-and-phonetic-symbols-flowing-out-of--400x400.webp\" class=\"attachment-woocommerce_thumbnail size-woocommerce_thumbnail\" alt=\"Ling\u00fc\u00edstica I: Fon\u00e8tica\" srcset=\"https:\/\/clicasia.com\/wp-content\/uploads\/2024\/11\/DALL\u00b7E-2024-11-27-16.45.16-A-minimalist-illustration-representing-a-linguistics-course.-The-image-features-a-stylized-open-book-with-letters-and-phonetic-symbols-flowing-out-of--400x400.webp 400w, https:\/\/clicasia.com\/wp-content\/uploads\/2024\/11\/DALL\u00b7E-2024-11-27-16.45.16-A-minimalist-illustration-representing-a-linguistics-course.-The-image-features-a-stylized-open-book-with-letters-and-phonetic-symbols-flowing-out-of--100x100.webp 100w, https:\/\/clicasia.com\/wp-content\/uploads\/2024\/11\/DALL\u00b7E-2024-11-27-16.45.16-A-minimalist-illustration-representing-a-linguistics-course.-The-image-features-a-stylized-open-book-with-letters-and-phonetic-symbols-flowing-out-of--600x600.webp 600w, https:\/\/clicasia.com\/wp-content\/uploads\/2024\/11\/DALL\u00b7E-2024-11-27-16.45.16-A-minimalist-illustration-representing-a-linguistics-course.-The-image-features-a-stylized-open-book-with-letters-and-phonetic-symbols-flowing-out-of--300x300.webp 300w, https:\/\/clicasia.com\/wp-content\/uploads\/2024\/11\/DALL\u00b7E-2024-11-27-16.45.16-A-minimalist-illustration-representing-a-linguistics-course.-The-image-features-a-stylized-open-book-with-letters-and-phonetic-symbols-flowing-out-of--150x150.webp 150w, https:\/\/clicasia.com\/wp-content\/uploads\/2024\/11\/DALL\u00b7E-2024-11-27-16.45.16-A-minimalist-illustration-representing-a-linguistics-course.-The-image-features-a-stylized-open-book-with-letters-and-phonetic-symbols-flowing-out-of--768x768.webp 768w, https:\/\/clicasia.com\/wp-content\/uploads\/2024\/11\/DALL\u00b7E-2024-11-27-16.45.16-A-minimalist-illustration-representing-a-linguistics-course.-The-image-features-a-stylized-open-book-with-letters-and-phonetic-symbols-flowing-out-of-.webp 1024w\" sizes=\"(max-width: 400px) 100vw, 400px\" \/><\/div>\n\t\t\t\t\t<div class=\"wc-block-grid__product-title\">Ling\u00fc\u00edstica I: Fon\u00e8tica<\/div>\n\t\t\t\t<\/a>\n\t\t\t\t<div class=\"wc-block-grid__product-price price\"><p class=\"price\"><ins><span class=\"woocommerce-Price-amount amount\">18<span class=\"decimals-separator\">,00<\/span><span class=\"woocommerce-Price-currencySymbol\">&euro;<\/span><\/span><\/ins><del><span class=\"woocommerce-Price-amount amount\">55<span class=\"decimals-separator\">,00<\/span><span class=\"woocommerce-Price-currencySymbol\">&euro;<\/span><\/span><\/del><\/p><\/div>\n\t\t\t\t\n\t\t\t\t<div class=\"wp-block-button wc-block-grid__product-add-to-cart\"><a href=\"\/ca\/wp-json\/wp\/v2\/pages\/35740?add-to-cart=34792\" aria-label=\"Afegeix a la cistella: &ldquo;Ling\u00fc\u00edstica I: Fon\u00e8tica&rdquo;\" data-quantity=\"1\" data-product_id=\"34792\" data-product_sku=\"\" data-price=\"18\" rel=\"nofollow\" class=\"wp-block-button__link  add_to_cart_button ajax_add_to_cart\">Afegeix a la cistella<\/a><\/div>\n\t\t\t<\/li><li class=\"wc-block-grid__product\"><span class=\"gtm4wp_productdata\" style=\"display:none; visibility:hidden;\" data-gtm4wp_product_data=\"{&quot;internal_id&quot;:34787,&quot;item_id&quot;:34787,&quot;item_name&quot;:&quot;Introducci\\u00f3 als hanzi&quot;,&quot;sku&quot;:34787,&quot;price&quot;:18,&quot;stocklevel&quot;:null,&quot;stockstatus&quot;:&quot;instock&quot;,&quot;google_business_vertical&quot;:&quot;retail&quot;,&quot;item_category&quot;:&quot;Sense categoritzar&quot;,&quot;id&quot;:34787,&quot;productlink&quot;:&quot;https:\\\/\\\/clicasia.com\\\/ca\\\/producto\\\/introduccio-als-hanzi\\\/&quot;,&quot;item_list_name&quot;:&quot;Llista general de productes&quot;,&quot;index&quot;:0,&quot;product_type&quot;:&quot;simple&quot;,&quot;item_brand&quot;:&quot;&quot;}\"><\/span>\n\t\t\t\t<a href=\"https:\/\/clicasia.com\/ca\/producto\/introduccio-als-hanzi\/\" class=\"wc-block-grid__product-link\">\n\t\t\t\t\t<div class=\"wc-block-grid__product-onsale\">\n\t\t\t<span aria-hidden=\"true\">Oferta<\/span>\n\t\t\t<span class=\"screen-reader-text\">Producte rebaixat<\/span>\n\t\t<\/div>\n\t\t\t\t\t<div class=\"wc-block-grid__product-image\"><img decoding=\"async\" width=\"400\" height=\"400\" src=\"https:\/\/clicasia.com\/wp-content\/uploads\/2024\/11\/DALL\u00b7E-2024-11-27-15.18.29-A-simple-monochrome-line-drawing-of-a-woman-practicing-Hanzi-writing.-She-is-seated-at-a-table-with-a-brush-in-hand-poised-over-a-piece-of-paper-feat-400x400.webp\" class=\"attachment-woocommerce_thumbnail size-woocommerce_thumbnail\" alt=\"Introducci\u00f3 als hanzi\" srcset=\"https:\/\/clicasia.com\/wp-content\/uploads\/2024\/11\/DALL\u00b7E-2024-11-27-15.18.29-A-simple-monochrome-line-drawing-of-a-woman-practicing-Hanzi-writing.-She-is-seated-at-a-table-with-a-brush-in-hand-poised-over-a-piece-of-paper-feat-400x400.webp 400w, https:\/\/clicasia.com\/wp-content\/uploads\/2024\/11\/DALL\u00b7E-2024-11-27-15.18.29-A-simple-monochrome-line-drawing-of-a-woman-practicing-Hanzi-writing.-She-is-seated-at-a-table-with-a-brush-in-hand-poised-over-a-piece-of-paper-feat-100x100.webp 100w, https:\/\/clicasia.com\/wp-content\/uploads\/2024\/11\/DALL\u00b7E-2024-11-27-15.18.29-A-simple-monochrome-line-drawing-of-a-woman-practicing-Hanzi-writing.-She-is-seated-at-a-table-with-a-brush-in-hand-poised-over-a-piece-of-paper-feat-600x600.webp 600w, https:\/\/clicasia.com\/wp-content\/uploads\/2024\/11\/DALL\u00b7E-2024-11-27-15.18.29-A-simple-monochrome-line-drawing-of-a-woman-practicing-Hanzi-writing.-She-is-seated-at-a-table-with-a-brush-in-hand-poised-over-a-piece-of-paper-feat-300x300.webp 300w, https:\/\/clicasia.com\/wp-content\/uploads\/2024\/11\/DALL\u00b7E-2024-11-27-15.18.29-A-simple-monochrome-line-drawing-of-a-woman-practicing-Hanzi-writing.-She-is-seated-at-a-table-with-a-brush-in-hand-poised-over-a-piece-of-paper-feat-150x150.webp 150w, https:\/\/clicasia.com\/wp-content\/uploads\/2024\/11\/DALL\u00b7E-2024-11-27-15.18.29-A-simple-monochrome-line-drawing-of-a-woman-practicing-Hanzi-writing.-She-is-seated-at-a-table-with-a-brush-in-hand-poised-over-a-piece-of-paper-feat-768x768.webp 768w, https:\/\/clicasia.com\/wp-content\/uploads\/2024\/11\/DALL\u00b7E-2024-11-27-15.18.29-A-simple-monochrome-line-drawing-of-a-woman-practicing-Hanzi-writing.-She-is-seated-at-a-table-with-a-brush-in-hand-poised-over-a-piece-of-paper-feat.webp 1024w\" sizes=\"(max-width: 400px) 100vw, 400px\" \/><\/div>\n\t\t\t\t\t<div class=\"wc-block-grid__product-title\">Introducci\u00f3 als hanzi<\/div>\n\t\t\t\t<\/a>\n\t\t\t\t<div class=\"wc-block-grid__product-price price\"><p class=\"price\"><ins><span class=\"woocommerce-Price-amount amount\">18<span class=\"decimals-separator\">,00<\/span><span class=\"woocommerce-Price-currencySymbol\">&euro;<\/span><\/span><\/ins><del><span class=\"woocommerce-Price-amount amount\">55<span class=\"decimals-separator\">,00<\/span><span class=\"woocommerce-Price-currencySymbol\">&euro;<\/span><\/span><\/del><\/p><\/div>\n\t\t\t\t\n\t\t\t\t<div class=\"wp-block-button wc-block-grid__product-add-to-cart\"><a href=\"\/ca\/wp-json\/wp\/v2\/pages\/35740?add-to-cart=34787\" aria-label=\"Afegeix a la cistella: &ldquo;Introducci\u00f3 als hanzi&rdquo;\" data-quantity=\"1\" data-product_id=\"34787\" data-product_sku=\"\" data-price=\"18\" rel=\"nofollow\" class=\"wp-block-button__link  add_to_cart_button ajax_add_to_cart\">Afegeix a la cistella<\/a><\/div>\n\t\t\t<\/li><li class=\"wc-block-grid__product\"><span class=\"gtm4wp_productdata\" style=\"display:none; visibility:hidden;\" data-gtm4wp_product_data=\"{&quot;internal_id&quot;:34676,&quot;item_id&quot;:34676,&quot;item_name&quot;:&quot;Reserva de viatge a Guiyang&quot;,&quot;sku&quot;:34676,&quot;price&quot;:200,&quot;stocklevel&quot;:null,&quot;stockstatus&quot;:&quot;instock&quot;,&quot;google_business_vertical&quot;:&quot;retail&quot;,&quot;item_category&quot;:&quot;Sense categoritzar&quot;,&quot;id&quot;:34676,&quot;productlink&quot;:&quot;https:\\\/\\\/clicasia.com\\\/ca\\\/producto\\\/reserva-de-viatge-a-guiyang\\\/&quot;,&quot;item_list_name&quot;:&quot;Llista general de productes&quot;,&quot;index&quot;:0,&quot;product_type&quot;:&quot;simple&quot;,&quot;item_brand&quot;:&quot;&quot;}\"><\/span>\n\t\t\t\t<a href=\"https:\/\/clicasia.com\/ca\/producto\/reserva-de-viatge-a-guiyang\/\" class=\"wc-block-grid__product-link\">\n\t\t\t\t\t\n\t\t\t\t\t<div class=\"wc-block-grid__product-image\"><img decoding=\"async\" width=\"400\" height=\"400\" src=\"https:\/\/clicasia.com\/wp-content\/uploads\/2024\/11\/DALL\u00b7E-2024-11-26-14.00.05-A-minimalist-silhouette-illustration-of-an-old-Chinese-wise-man-riding-a-water-ox-depicted-with-simple-and-clean-lines.-The-figure-is-traveling-towar-400x400.webp\" class=\"attachment-woocommerce_thumbnail size-woocommerce_thumbnail\" alt=\"Reserva de viatge a Guiyang\" srcset=\"https:\/\/clicasia.com\/wp-content\/uploads\/2024\/11\/DALL\u00b7E-2024-11-26-14.00.05-A-minimalist-silhouette-illustration-of-an-old-Chinese-wise-man-riding-a-water-ox-depicted-with-simple-and-clean-lines.-The-figure-is-traveling-towar-400x400.webp 400w, https:\/\/clicasia.com\/wp-content\/uploads\/2024\/11\/DALL\u00b7E-2024-11-26-14.00.05-A-minimalist-silhouette-illustration-of-an-old-Chinese-wise-man-riding-a-water-ox-depicted-with-simple-and-clean-lines.-The-figure-is-traveling-towar-100x100.webp 100w, https:\/\/clicasia.com\/wp-content\/uploads\/2024\/11\/DALL\u00b7E-2024-11-26-14.00.05-A-minimalist-silhouette-illustration-of-an-old-Chinese-wise-man-riding-a-water-ox-depicted-with-simple-and-clean-lines.-The-figure-is-traveling-towar-600x600.webp 600w, https:\/\/clicasia.com\/wp-content\/uploads\/2024\/11\/DALL\u00b7E-2024-11-26-14.00.05-A-minimalist-silhouette-illustration-of-an-old-Chinese-wise-man-riding-a-water-ox-depicted-with-simple-and-clean-lines.-The-figure-is-traveling-towar-300x300.webp 300w, https:\/\/clicasia.com\/wp-content\/uploads\/2024\/11\/DALL\u00b7E-2024-11-26-14.00.05-A-minimalist-silhouette-illustration-of-an-old-Chinese-wise-man-riding-a-water-ox-depicted-with-simple-and-clean-lines.-The-figure-is-traveling-towar-150x150.webp 150w, https:\/\/clicasia.com\/wp-content\/uploads\/2024\/11\/DALL\u00b7E-2024-11-26-14.00.05-A-minimalist-silhouette-illustration-of-an-old-Chinese-wise-man-riding-a-water-ox-depicted-with-simple-and-clean-lines.-The-figure-is-traveling-towar-768x768.webp 768w, https:\/\/clicasia.com\/wp-content\/uploads\/2024\/11\/DALL\u00b7E-2024-11-26-14.00.05-A-minimalist-silhouette-illustration-of-an-old-Chinese-wise-man-riding-a-water-ox-depicted-with-simple-and-clean-lines.-The-figure-is-traveling-towar.webp 1024w\" sizes=\"(max-width: 400px) 100vw, 400px\" \/><\/div>\n\t\t\t\t\t<div class=\"wc-block-grid__product-title\">Reserva de viatge a Guiyang<\/div>\n\t\t\t\t<\/a>\n\t\t\t\t<div class=\"wc-block-grid__product-price price\"><p class=\"price\"><ins><span class=\"woocommerce-Price-amount amount\">200<span class=\"decimals-separator\">,00<\/span><span class=\"woocommerce-Price-currencySymbol\">&euro;<\/span><\/span><\/ins><\/p><\/div>\n\t\t\t\t\n\t\t\t\t<div class=\"wp-block-button wc-block-grid__product-add-to-cart\"><a href=\"\/ca\/wp-json\/wp\/v2\/pages\/35740?add-to-cart=34676\" aria-label=\"Afegeix a la cistella: &ldquo;Reserva de viatge a Guiyang&rdquo;\" data-quantity=\"1\" data-product_id=\"34676\" data-product_sku=\"\" data-price=\"200\" rel=\"nofollow\" class=\"wp-block-button__link  add_to_cart_button ajax_add_to_cart\">Afegeix a la cistella<\/a><\/div>\n\t\t\t<\/li><li class=\"wc-block-grid__product\"><span class=\"gtm4wp_productdata\" style=\"display:none; visibility:hidden;\" data-gtm4wp_product_data=\"{&quot;internal_id&quot;:34619,&quot;item_id&quot;:34619,&quot;item_name&quot;:&quot;Xin\\u00e8s conversacional&quot;,&quot;sku&quot;:34619,&quot;price&quot;:15,&quot;stocklevel&quot;:null,&quot;stockstatus&quot;:&quot;instock&quot;,&quot;google_business_vertical&quot;:&quot;retail&quot;,&quot;item_category&quot;:&quot;Sense categoritzar&quot;,&quot;id&quot;:34619,&quot;productlink&quot;:&quot;https:\\\/\\\/clicasia.com\\\/ca\\\/producto\\\/xines-conversacional\\\/&quot;,&quot;item_list_name&quot;:&quot;Llista general de productes&quot;,&quot;index&quot;:0,&quot;product_type&quot;:&quot;simple&quot;,&quot;item_brand&quot;:&quot;&quot;}\"><\/span>\n\t\t\t\t<a href=\"https:\/\/clicasia.com\/ca\/producto\/xines-conversacional\/\" class=\"wc-block-grid__product-link\">\n\t\t\t\t\t<div class=\"wc-block-grid__product-onsale\">\n\t\t\t<span aria-hidden=\"true\">Oferta<\/span>\n\t\t\t<span class=\"screen-reader-text\">Producte rebaixat<\/span>\n\t\t<\/div>\n\t\t\t\t\t<div class=\"wc-block-grid__product-image\"><img loading=\"lazy\" decoding=\"async\" width=\"400\" height=\"400\" src=\"https:\/\/clicasia.com\/wp-content\/uploads\/2024\/11\/DALL\u00b7E-2024-11-21-15.57.42-A-very-simple-schematic-drawing-of-a-blank-white-background-with-no-elements-or-details-depicted-in-a-minimalistic-hand-drawn-style-400x400.webp\" class=\"attachment-woocommerce_thumbnail size-woocommerce_thumbnail\" alt=\"Xin\u00e8s conversacional\" srcset=\"https:\/\/clicasia.com\/wp-content\/uploads\/2024\/11\/DALL\u00b7E-2024-11-21-15.57.42-A-very-simple-schematic-drawing-of-a-blank-white-background-with-no-elements-or-details-depicted-in-a-minimalistic-hand-drawn-style-400x400.webp 400w, https:\/\/clicasia.com\/wp-content\/uploads\/2024\/11\/DALL\u00b7E-2024-11-21-15.57.42-A-very-simple-schematic-drawing-of-a-blank-white-background-with-no-elements-or-details-depicted-in-a-minimalistic-hand-drawn-style-100x100.webp 100w, https:\/\/clicasia.com\/wp-content\/uploads\/2024\/11\/DALL\u00b7E-2024-11-21-15.57.42-A-very-simple-schematic-drawing-of-a-blank-white-background-with-no-elements-or-details-depicted-in-a-minimalistic-hand-drawn-style-600x600.webp 600w, https:\/\/clicasia.com\/wp-content\/uploads\/2024\/11\/DALL\u00b7E-2024-11-21-15.57.42-A-very-simple-schematic-drawing-of-a-blank-white-background-with-no-elements-or-details-depicted-in-a-minimalistic-hand-drawn-style-300x300.webp 300w, https:\/\/clicasia.com\/wp-content\/uploads\/2024\/11\/DALL\u00b7E-2024-11-21-15.57.42-A-very-simple-schematic-drawing-of-a-blank-white-background-with-no-elements-or-details-depicted-in-a-minimalistic-hand-drawn-style-150x150.webp 150w, https:\/\/clicasia.com\/wp-content\/uploads\/2024\/11\/DALL\u00b7E-2024-11-21-15.57.42-A-very-simple-schematic-drawing-of-a-blank-white-background-with-no-elements-or-details-depicted-in-a-minimalistic-hand-drawn-style-768x768.webp 768w, https:\/\/clicasia.com\/wp-content\/uploads\/2024\/11\/DALL\u00b7E-2024-11-21-15.57.42-A-very-simple-schematic-drawing-of-a-blank-white-background-with-no-elements-or-details-depicted-in-a-minimalistic-hand-drawn-style.webp 1024w\" sizes=\"(max-width: 400px) 100vw, 400px\" \/><\/div>\n\t\t\t\t\t<div class=\"wc-block-grid__product-title\">Xin\u00e8s conversacional<\/div>\n\t\t\t\t<\/a>\n\t\t\t\t<div class=\"wc-block-grid__product-price price\"><p class=\"price\"><ins><span class=\"woocommerce-Price-amount amount\">15<span class=\"decimals-separator\">,00<\/span><span class=\"woocommerce-Price-currencySymbol\">&euro;<\/span><\/span><\/ins><del><span class=\"woocommerce-Price-amount amount\">50<span class=\"decimals-separator\">,00<\/span><span class=\"woocommerce-Price-currencySymbol\">&euro;<\/span><\/span><\/del><\/p><\/div>\n\t\t\t\t\n\t\t\t\t<div class=\"wp-block-button wc-block-grid__product-add-to-cart\"><a href=\"\/ca\/wp-json\/wp\/v2\/pages\/35740?add-to-cart=34619\" aria-label=\"Afegeix a la cistella: &ldquo;Xin\u00e8s conversacional&rdquo;\" data-quantity=\"1\" data-product_id=\"34619\" data-product_sku=\"\" data-price=\"15\" rel=\"nofollow\" class=\"wp-block-button__link  add_to_cart_button ajax_add_to_cart\">Afegeix a la cistella<\/a><\/div>\n\t\t\t<\/li><\/ul><\/div><\/div>\n<\/div>\n","protected":false},"excerpt":{"rendered":"","protected":false},"author":1,"featured_media":0,"parent":0,"menu_order":0,"comment_status":"closed","ping_status":"closed","template":"","meta":{"_eb_attr":"","rop_custom_images_group":[],"rop_custom_messages_group":[],"rop_publish_now":"initial","rop_publish_now_accounts":[],"rop_publish_now_history":[],"rop_publish_now_status":"pending","_joinchat":[],"footnotes":""},"class_list":["post-35740","page","type-page","status-publish","hentry","post-no-thumbnail"],"_links":{"self":[{"href":"https:\/\/clicasia.com\/ca\/wp-json\/wp\/v2\/pages\/35740","targetHints":{"allow":["GET"]}}],"collection":[{"href":"https:\/\/clicasia.com\/ca\/wp-json\/wp\/v2\/pages"}],"about":[{"href":"https:\/\/clicasia.com\/ca\/wp-json\/wp\/v2\/types\/page"}],"author":[{"embeddable":true,"href":"https:\/\/clicasia.com\/ca\/wp-json\/wp\/v2\/users\/1"}],"replies":[{"embeddable":true,"href":"https:\/\/clicasia.com\/ca\/wp-json\/wp\/v2\/comments?post=35740"}],"version-history":[{"count":3,"href":"https:\/\/clicasia.com\/ca\/wp-json\/wp\/v2\/pages\/35740\/revisions"}],"predecessor-version":[{"id":35745,"href":"https:\/\/clicasia.com\/ca\/wp-json\/wp\/v2\/pages\/35740\/revisions\/35745"}],"wp:attachment":[{"href":"https:\/\/clicasia.com\/ca\/wp-json\/wp\/v2\/media?parent=35740"}],"curies":[{"name":"wp","href":"https:\/\/api.w.org\/{rel}","templated":true}]}}