{"id":35657,"date":"2019-04-10T17:39:12","date_gmt":"2019-04-10T15:39:12","guid":{"rendered":"https:\/\/clicasia.com\/condicions-per-a-alumnes-i-clients\/"},"modified":"2026-04-15T21:58:15","modified_gmt":"2026-04-15T19:58:15","slug":"condicions-per-a-alumnes-i-clients","status":"publish","type":"page","link":"https:\/\/clicasia.com\/ca\/condicions-per-a-alumnes-i-clients\/","title":{"rendered":"Condicions per a Alumnes i Clients"},"content":{"rendered":"\t\t<div data-elementor-type=\"wp-page\" data-elementor-id=\"35657\" class=\"elementor elementor-35657 elementor-7357\" data-elementor-post-type=\"page\">\n\t\t\t\t\t\t<section class=\"elementor-section elementor-top-section elementor-element elementor-element-2d8af2c3 elementor-section-boxed elementor-section-gap-beside-yes elementor-section-height-default elementor-section-height-default elementor-section-column-vertical-align-stretch\" data-id=\"2d8af2c3\" data-element_type=\"section\" data-e-type=\"section\">\n\t\t\t\t\t\t<div class=\"elementor-container elementor-column-gap-extended\">\n\t\t\t\t\t<div class=\"elementor-column elementor-col-100 elementor-top-column elementor-element elementor-element-1a8778dc\" data-id=\"1a8778dc\" data-element_type=\"column\" data-e-type=\"column\">\n\t\t\t<div class=\"elementor-widget-wrap elementor-element-populated\">\n\t\t\t\t\t\t<div class=\"elementor-element elementor-element-125a408b container-for-text elementor-widget elementor-widget-text-editor\" data-id=\"125a408b\" data-element_type=\"widget\" data-e-type=\"widget\" data-widget_type=\"text-editor.default\">\n\t\t\t\t<div class=\"elementor-widget-container\">\n\t\t\t\t\t\t\t\t\t<h2>Condicions per a alumnes i clients<\/h2>\n<h2>Responsabilitats<\/h2>\n1. Clic\u00c0sia no es fa responsable en cap cas de situacions de for\u00e7a major ni de les accions dels alumnes dins de les instal\u00b7lacions.\n\n2. La direcci\u00f3 es reserva el dret d&#8217;admissi\u00f3 al centre.\n\n3. Quan formalitzeu la inscripci\u00f3 en un curs, ClicAsia assumeix que l&#8217;alumne accepta les condicions generals actualitzades i de pagament de l&#8217;Acad\u00e8mia.\n\n4. Es consideren casos d&#8217;expulsi\u00f3 els sup\u00f2sits de:\n<p style=\"padding-left: 40px;\">A. Greu manca de disciplina, mal comportament reiterat o infracci\u00f3 de les lleis espanyoles.<\/p>\n<p style=\"padding-left: 40px;\">B. En els casos en qu\u00e8 l&#8217;alumne ocasioni danys o desperfectes als b\u00e9ns del centre, a l&#8217;immoble o als b\u00e9ns de tercers dins les instal\u00b7lacions del centre.<\/p>\n<p style=\"padding-left: 40px;\">C. En ambd\u00f3s casos l&#8217;alumne no tindr\u00e0 dret a cap devoluci\u00f3 de les quotes abonades i\/o de la matr\u00edcula.<\/p>\n5. El centre no es fa responsable de la p\u00e8rdua, p\u00e8rdua o robatori de les pertinences personals de cada estudiant, per la qual cosa recomanem que s&#8217;observi prud\u00e8ncia en aquest tema.\n\n6. Clic\u00c0sia no respondr\u00e0 de peticions o queixes comunicades a professors. Nom\u00e9s respondr\u00e0 aquelles que siguin comunicades a coordinaci\u00f3 o, si escau, administraci\u00f3. \n<h2>Canvis, cancel\u00b7lacions i suspensions<\/h2>\n7. El centre podria decidir fer tallers i\/o cursos en altres instal\u00b7lacions fora del centre per conveni\u00e8ncia, pr\u00e8via informaci\u00f3 als alumnes, triant altres empla\u00e7aments dins l&#8217;\u00e0rea metropolitana de Barcelona i\/o Madrid.\n\n8. La direcci\u00f3 del centre, no el professorat, es reserva el dret d&#8217;ampliar o modificar els horaris de les classes per conveni\u00e8ncia, amb informaci\u00f3 puntual pr\u00e8via a l&#8217;alumne.\n\n9. El centre es reserva el dret de canviar el professor si considera una millora de la qualitat densenyament o mantenir el desenvolupament normal de les classes. En cas de cancel\u00b7laci\u00f3 del curs a iniciativa del centre es col\u00b7locar\u00e0 l&#8217;alumne en una classe de nivell similar, si n&#8217;hi hagu\u00e9s. En cas contrari, haureu d&#8217;esperar al per\u00edode seg\u00fcent en qu\u00e8 s&#8217;obri una classe del mateix nivell que la classe cancel\u00b7lada.  \n\n10. En el cas de la suspensi\u00f3 d&#8217;alguna classe a iniciativa del centre, per malaltia del professor, etc.:\n<p style=\"padding-left: 40px;\">A. A les classes regulars es plantejar\u00e0 una data alternativa per a la celebraci\u00f3 d&#8217;aquesta classe, o es recuperar\u00e0 allargant el temps a classes posteriors fins a recuperar la durada de la classe suspesa, sempre que tots els alumnes d&#8217;aquesta classe i el professor hi estiguin d&#8217;acord.<\/p>\n<p style=\"padding-left: 40px;\">B. El centre es reserva el dret de cancel\u00b7lar en qualsevol moment el curs que no cobreixi les places m\u00ednimes. Els alumnes seran empla\u00e7ats a continuar en una altra classe de nivell similar (si n&#8217;hi hagu\u00e9s). <\/p>\n<p style=\"padding-left: 40px;\">C. A les classes privades l&#8217;alumne i el professor podran acordar m\u00fatuament els dies i horaris m\u00e9s convenients per a la recuperaci\u00f3. Si aix\u00f2 no \u00e9s possible, en darrer cas es reemborsar\u00e0 l&#8217;import de les classes abonades i rebudes. <\/p>\n11. El curs regular t\u00e9 una durada anual de 3 trimestres i el curs es pot abonar de manera mensual, trimestral, semestral i anual.\n\n12. La direcci\u00f3 es reserva el dret d&#8217;anul\u00b7lar la reserva i la inscripci\u00f3 de l&#8217;estudiant que no hagi abonat l&#8217;import del curs, el taller o els serveis contractats, en els terminis previstos, segons l&#8217;estipulat en aquest full de condicions.\n\n13. Clic\u00c0sia, de forma general, no tornar\u00e0 l&#8217;abonament de les reserves llevat d&#8217;aquelles situacions excepcionals en qu\u00e8 l&#8217;Administraci\u00f3 estimi oport\u00fa i sempre a decisi\u00f3 exclusiva d&#8217;aquesta.\n\n14. Un cop comen\u00e7at el curs no s&#8217;admetr\u00e0 en cap cas la devoluci\u00f3 dels imports pagats per canvis, cancel\u00b7lacions o suspensions a iniciativa de l&#8217;alumne.\n\n15. Totes les baixes hauran de ser comunicades per correu electr\u00f2nic, per escrit, o no es consideraran efectives.\n<h2>Formes de pagament<\/h2>\n16. El pagament de tots els cursos s&#8217;ha de fer per avan\u00e7at. Es far\u00e0 en efectiu, targeta o per transfer\u00e8ncia banc\u00e0ria. \n<h2>Manca d&#8217;assist\u00e8ncia<\/h2>\n17. L&#8217;alumne que s&#8217;incorpori amb el curs ja iniciat estar\u00e0 exposat al fet que el professor consideri, pel bon ritme de la classe i el respecte als altres alumnes, que el nou alumne hagi de rebre classes extres d&#8217;actualitzaci\u00f3.\n\n18. Perqu\u00e8 un alumne passi al seg\u00fcent nivell, i obtenir el certificat d&#8217;assist\u00e8ncia, cal que hagi assistit almenys al 80% del total de les classes del nivell en curs o, si no, l&#8217;aprovaci\u00f3 conjunta del professor i la direcci\u00f3 del centre.\n\n19. En cas que l&#8217;alumne s\u00e0piga que faltar\u00e0 a una classe i no tingui possibilitat de recuperar-la, s&#8217;aconsella contactar amb l&#8217;acad\u00e8mia perqu\u00e8 se l&#8217;informi sobre la mat\u00e8ria estudiada o els deures perqu\u00e8 pugui preparar la classe seg\u00fcent.\n<h2>Recuperaci\u00f3 de classe de cursos programats<\/h2>\n20. En cas que un alumne per causes degudament justificades no pugui seguir assistint al curs regular programat podr\u00e0 recuperar el curs sense cost addicional en qualsevol dels dos per\u00edodes seg\u00fcents, si:\n<p style=\"padding-left: 40px;\">&#8211; ha participat nom\u00e9s a classe de les primeres dues setmanes del curs, i ens ho comunica expressament i per escrit abans de 7 dies des de la darrera classe assistida (en cas de curs d&#8217;estiu, haver participat el primer dia i avisar a la primera setmana). Lalumne que no compleix aquests terminis perdr\u00e0 el dret de recuperaci\u00f3 total o parcial del curs. <\/p>\n<p style=\"padding-left: 40px;\">&#8211; Hi hagu\u00e9s una classe del seu nivell en algun dels dos per\u00edodes seg\u00fcents.<\/p>\n21. Quan un alumne no pugui assistir a una classe, ha d&#8217;avisar abans de l&#8217;acad\u00e8mia (amb un m\u00ednim de 48 hores laborables d&#8217;antelaci\u00f3). En aquest cas pot recuperar la classe assistint a una classe del mateix nivell en un altre horari, sempre que hi hagi pla\u00e7a disponible en aquesta classe (l&#8217;alumne ha de tenir en compte que, en altres cursos amb un nivell similar, poden existir variacions quant al temari estudiat). Tamb\u00e9 hi ha la possibilitat de concertar classes privades de recuperaci\u00f3 (especialment recomanades per als alumnes que hagin faltat a 2 o m\u00e9s classes seguides) amb un cost de 10 euros per 30 minuts.  \n\n22. Les cancel\u00b7lacions o recuperacions de lalumnat caducaran dins del trimestre en qu\u00e8 estan o 3 mesos en el cas que quedi poc temps.\n\n23. No s&#8217;admetr\u00e0 allargar el pla de curs a petici\u00f3 dels alumnes si un grup comuniqu\u00e9s no venir a classe, en aquest cas pot recuperar la classe en un altre grup del mateix nivell o similar, i si no se li enviarien els temaris.\n<h2>Retard a classes (regulars, privades, recuperaci\u00f3\u2026)<\/h2>\n24. Les classes privades es plantegen mensualment (4 classes al mes). Un cop fixat un horari, es fa el pagament avan\u00e7at mensual abans de la primera classe. Abans de finalitzar el mes cal tornar a contractar les classes privades per al mes seg\u00fcent i aix\u00ed successivament. Es pot fer pagament i per tant reserva per a classes privades per per\u00edodes majors d&#8217;un mes.   \n\n25. Encara que l&#8217;alumne s&#8217;endarrereixi sobre l&#8217;hora prevista de comen\u00e7ament de la classe, aquesta no es podr\u00e0 allargar m\u00e9s enll\u00e0 de l&#8217;hora prevista de finalitzaci\u00f3. D&#8217;aquesta manera, l&#8217;alumne perd la part de temps de retard. \n\n26. En contractar la tarifa de bons, es pot concertar un nombre determinat de classes privades en dies fixats.\n\n27. Si l&#8217;alumne faltar\u00e0 a una classe privada heu d&#8217;avisar el centre amb una antelaci\u00f3 m\u00ednima de 24 hores. En aquest cas, l&#8217;alumne la pot recuperar en un termini de 15 dies, sempre que hi hagi disponibilitat d&#8217;aules i professors. En cas que aquesta opci\u00f3 no fos possible, es reduir\u00e0 quota del per\u00edode seg\u00fcent de manera proporcional a la classe pendent. Si lalumne no avisa en aquest termini, perdr\u00e0 la classe.   \n<h2>Altres<\/h2>\n28. L&#8217;Acad\u00e8mia ClicAsia es reserva la facultat d&#8217;usar la imatge dels alumnes que participin en cursos i activitats programades per ClicAsia en els seus elements de promoci\u00f3 (web, xarxes socials, publicitat, etc.) tret que l&#8217;alumne manifesti expressament la seva disconformitat.\t\t\t\t\t\t\t\t<\/div>\n\t\t\t\t<\/div>\n\t\t\t\t\t<\/div>\n\t\t<\/div>\n\t\t\t\t\t<\/div>\n\t\t<\/section>\n\t\t\t\t<\/div>\n\t\t","protected":false},"excerpt":{"rendered":"<p>Condicions per a alumnes i clients Responsabilitats 1. Clic\u00c0sia no es fa responsable en cap cas de situacions de for\u00e7a major ni de les accions dels alumnes dins de les instal\u00b7lacions. 2. La direcci\u00f3 es reserva el dret d&#8217;admissi\u00f3 al centre. 3. Quan formalitzeu la inscripci\u00f3 en un curs, ClicAsia assumeix que l&#8217;alumne accepta les condicions generals actualitzades i de pagament de l&#8217;Acad\u00e8mia. 4. Es consideren casos d&#8217;expulsi\u00f3 els sup\u00f2sits de: A. Greu manca de disciplina, mal comportament reiterat o infracci\u00f3 de les lleis espanyoles. B. En els casos en qu\u00e8 l&#8217;alumne ocasioni danys o desperfectes als b\u00e9ns del centre, a l&#8217;immoble o als b\u00e9ns de tercers dins les instal\u00b7lacions del centre. C. En ambd\u00f3s casos l&#8217;alumne no tindr\u00e0 dret a cap devoluci\u00f3 de les quotes abonades i\/o de la matr\u00edcula. 5. El centre no es fa responsable de la p\u00e8rdua, p\u00e8rdua o robatori de les pertinences personals de cada estudiant, per la qual cosa recomanem que s&#8217;observi prud\u00e8ncia en aquest tema. 6. Clic\u00c0sia no respondr\u00e0 de peticions o queixes comunicades a professors. Nom\u00e9s respondr\u00e0 aquelles que siguin comunicades a coordinaci\u00f3 o, si escau, administraci\u00f3. Canvis, cancel\u00b7lacions i suspensions 7. El centre podria decidir fer tallers i\/o cursos en altres instal\u00b7lacions fora del centre per conveni\u00e8ncia, pr\u00e8via informaci\u00f3 als alumnes, triant altres empla\u00e7aments dins l&#8217;\u00e0rea metropolitana de Barcelona i\/o Madrid. 8. La direcci\u00f3 del centre, no el professorat, es reserva el dret d&#8217;ampliar o modificar els horaris de les classes per conveni\u00e8ncia, amb informaci\u00f3 puntual pr\u00e8via a l&#8217;alumne. 9. El centre es reserva el dret de canviar el professor si considera una millora de la qualitat densenyament o mantenir el desenvolupament normal de les classes. En cas de cancel\u00b7laci\u00f3 del curs a iniciativa del centre es col\u00b7locar\u00e0 l&#8217;alumne en una classe de nivell similar, si n&#8217;hi hagu\u00e9s. En cas contrari, haureu d&#8217;esperar al per\u00edode seg\u00fcent en qu\u00e8 s&#8217;obri una classe del mateix nivell que la classe cancel\u00b7lada. 10. En el cas de la suspensi\u00f3 d&#8217;alguna classe a iniciativa del centre, per malaltia del professor, etc.: A. A les classes regulars es plantejar\u00e0 una data alternativa per a la celebraci\u00f3 d&#8217;aquesta classe, o es recuperar\u00e0 allargant el temps a classes posteriors fins a recuperar la durada de la classe suspesa, sempre que tots els alumnes d&#8217;aquesta classe i el professor hi estiguin d&#8217;acord. B. El centre es reserva el dret de cancel\u00b7lar en qualsevol moment el curs que no cobreixi les places m\u00ednimes. Els alumnes seran empla\u00e7ats a continuar en una altra classe de nivell similar (si n&#8217;hi hagu\u00e9s). C. A les classes privades l&#8217;alumne i el professor podran acordar m\u00fatuament els dies i horaris m\u00e9s convenients per a la recuperaci\u00f3. Si aix\u00f2 no \u00e9s possible, en darrer cas es reemborsar\u00e0 l&#8217;import de les classes abonades i rebudes. 11. El curs regular t\u00e9 una durada anual de 3 trimestres i el curs es pot abonar de manera mensual, trimestral, semestral i anual. 12. La direcci\u00f3 es reserva el dret d&#8217;anul\u00b7lar la reserva i la inscripci\u00f3 de l&#8217;estudiant que no hagi abonat l&#8217;import del curs, el taller o els serveis contractats, en els terminis previstos, segons l&#8217;estipulat en aquest full de condicions. 13. Clic\u00c0sia, de forma general, no tornar\u00e0 l&#8217;abonament de les reserves llevat d&#8217;aquelles situacions excepcionals en qu\u00e8 l&#8217;Administraci\u00f3 estimi oport\u00fa i sempre a decisi\u00f3 exclusiva d&#8217;aquesta. 14. Un cop comen\u00e7at el curs no s&#8217;admetr\u00e0 en cap cas la devoluci\u00f3 dels imports pagats per canvis, cancel\u00b7lacions o suspensions a iniciativa de l&#8217;alumne. 15. Totes les baixes hauran de ser comunicades per correu electr\u00f2nic, per escrit, o no es consideraran efectives. Formes de pagament 16. El pagament de tots els cursos s&#8217;ha de fer per avan\u00e7at. Es far\u00e0 en efectiu, targeta o per transfer\u00e8ncia banc\u00e0ria. Manca d&#8217;assist\u00e8ncia 17. L&#8217;alumne que s&#8217;incorpori amb el curs ja iniciat estar\u00e0 exposat al fet que el professor consideri, pel bon ritme de la classe i el respecte als altres alumnes, que el nou alumne hagi de rebre classes extres d&#8217;actualitzaci\u00f3. 18. Perqu\u00e8 un alumne passi al seg\u00fcent nivell, i obtenir el certificat d&#8217;assist\u00e8ncia, cal que hagi assistit almenys al 80% del total de les classes del nivell en curs o, si no, l&#8217;aprovaci\u00f3 conjunta del professor i la direcci\u00f3 del centre. 19. En cas que l&#8217;alumne s\u00e0piga que faltar\u00e0 a una classe i no tingui possibilitat de recuperar-la, s&#8217;aconsella contactar amb l&#8217;acad\u00e8mia perqu\u00e8 se l&#8217;informi sobre la mat\u00e8ria estudiada o els deures perqu\u00e8 pugui preparar la classe seg\u00fcent. Recuperaci\u00f3 de classe de cursos programats 20. En cas que un alumne per causes degudament justificades no pugui seguir assistint al curs regular programat podr\u00e0 recuperar el curs sense cost addicional en qualsevol dels dos per\u00edodes seg\u00fcents, si: &#8211; ha participat nom\u00e9s a classe de les primeres dues setmanes del curs, i ens ho comunica expressament i per escrit abans de 7 dies des de la darrera classe assistida (en cas de curs d&#8217;estiu, haver participat el primer dia i avisar a la primera setmana). Lalumne que no compleix aquests terminis perdr\u00e0 el dret de recuperaci\u00f3 total o parcial del curs. &#8211; Hi hagu\u00e9s una classe del seu nivell en algun dels dos per\u00edodes seg\u00fcents. 21. Quan un alumne no pugui assistir a una classe, ha d&#8217;avisar abans de l&#8217;acad\u00e8mia (amb un m\u00ednim de 48 hores laborables d&#8217;antelaci\u00f3). En aquest cas pot recuperar la classe assistint a una classe del mateix nivell en un altre horari, sempre que hi hagi pla\u00e7a disponible en aquesta classe (l&#8217;alumne ha de tenir en compte que, en altres cursos amb un nivell similar, poden existir variacions quant al temari estudiat). Tamb\u00e9 hi ha la possibilitat de concertar classes privades de recuperaci\u00f3 (especialment recomanades per als alumnes que hagin faltat a 2 o m\u00e9s classes seguides) amb un cost de 10 euros per 30 minuts. 22. Les cancel\u00b7lacions o recuperacions de lalumnat caducaran dins del trimestre en qu\u00e8 estan o 3 mesos en el cas que quedi poc temps. 23. No s&#8217;admetr\u00e0 allargar el pla de curs a petici\u00f3 dels alumnes si un grup comuniqu\u00e9s no venir a classe, en aquest cas [&hellip;]<\/p>\n","protected":false},"author":2,"featured_media":0,"parent":0,"menu_order":63,"comment_status":"closed","ping_status":"closed","template":"","meta":{"_eb_attr":"","rop_custom_images_group":[],"rop_custom_messages_group":[],"rop_publish_now":"initial","rop_publish_now_accounts":[],"rop_publish_now_history":[],"rop_publish_now_status":"pending","_joinchat":[],"footnotes":""},"class_list":["post-35657","page","type-page","status-publish","hentry","post-no-thumbnail"],"_links":{"self":[{"href":"https:\/\/clicasia.com\/ca\/wp-json\/wp\/v2\/pages\/35657","targetHints":{"allow":["GET"]}}],"collection":[{"href":"https:\/\/clicasia.com\/ca\/wp-json\/wp\/v2\/pages"}],"about":[{"href":"https:\/\/clicasia.com\/ca\/wp-json\/wp\/v2\/types\/page"}],"author":[{"embeddable":true,"href":"https:\/\/clicasia.com\/ca\/wp-json\/wp\/v2\/users\/2"}],"replies":[{"embeddable":true,"href":"https:\/\/clicasia.com\/ca\/wp-json\/wp\/v2\/comments?post=35657"}],"version-history":[{"count":7,"href":"https:\/\/clicasia.com\/ca\/wp-json\/wp\/v2\/pages\/35657\/revisions"}],"predecessor-version":[{"id":35675,"href":"https:\/\/clicasia.com\/ca\/wp-json\/wp\/v2\/pages\/35657\/revisions\/35675"}],"wp:attachment":[{"href":"https:\/\/clicasia.com\/ca\/wp-json\/wp\/v2\/media?parent=35657"}],"curies":[{"name":"wp","href":"https:\/\/api.w.org\/{rel}","templated":true}]}}