{"id":35648,"date":"2020-12-03T17:43:43","date_gmt":"2020-12-03T16:43:43","guid":{"rendered":"https:\/\/clicasia.com\/politica-de-cookies\/"},"modified":"2026-04-15T21:57:59","modified_gmt":"2026-04-15T19:57:59","slug":"politica-de-cookies","status":"publish","type":"page","link":"https:\/\/clicasia.com\/ca\/politica-de-cookies\/","title":{"rendered":"Pol\u00edtica de Cookies"},"content":{"rendered":"\n<p><strong>Pol\u00edtica de Cookies  <\/strong><strong><\/strong><\/p>\n\n<p><strong>       <\/strong><strong>CLIC\u00c0SIA CENTRE D\u00b4ESTUDIS ORIENTALS SL<\/strong><\/p>\n\n<p><strong>Qu\u00e8 s\u00f3n i per a qu\u00e8 els fem servir?<\/strong><strong><\/strong><\/p>\n\n<p>Aquest lloc web, igual que la majoria de llocs web a Internet, utilitza cookies per millorar lexperi\u00e8ncia de lusuari. A continuaci\u00f3, trobareu informaci\u00f3 sobre qu\u00e8 s\u00f3n les galetes, quin tipus de galetes utilitza aquest portal, com podeu desactivar les galetes al vostre navegador i com desactivar espec\u00edficament la instal\u00b7laci\u00f3 de les galetes de tercers. <\/p>\n\n<p><strong>Qu\u00e8 s\u00f3n les galetes (cookies)?<\/strong><strong><\/strong><\/p>\n\n<p>Les cookies s\u00f3n petits arxius que algunes plataformes, com les p\u00e0gines web, poden instal\u00b7lar al vostre ordinador, tel\u00e8fon intel\u00b7ligent, tauleta o televisi\u00f3 connectada. Les seves funcions poden ser molt variades: emmagatzemar les prefer\u00e8ncies de navegaci\u00f3, recopilar informaci\u00f3 estad\u00edstica, permetre certes funcionalitats t\u00e8cniques, etc\u00e8tera. De vegades, les galetes s&#8217;utilitzen per emmagatzemar informaci\u00f3 b\u00e0sica sobre els h\u00e0bits de navegaci\u00f3 de l&#8217;usuari o del vostre equip, fins al punt, segons els casos, de poder recon\u00e8ixer-ho.  <\/p>\n\n<p><strong>Per qu\u00e8 s\u00f3n importants?<\/strong><strong><\/strong><\/p>\n\n<p>Les galetes (cookies) s\u00f3n \u00fatils per diverses raons. Des d&#8217;un punt de vista t\u00e8cnic, permeten que els llocs web funcionin de manera m\u00e9s eficient i s&#8217;adaptin a les vostres prefer\u00e8ncies, com ara recordar el vostre idioma o moneda. Tamb\u00e9 ajuden els propietaris de llocs web a millorar els seus serveis proporcionant informaci\u00f3 estad\u00edstica.  <\/p>\n\n<p><strong>Tipologia, Finalitat i Funcionament de les Cookies<\/strong><\/p>\n\n<p>Les galetes, en funci\u00f3 de la seva perman\u00e8ncia, poden dividir-se en galetes de sessi\u00f3 o permanents. Les primeres expiren quan l&#8217;usuari tanca el navegador. Les segones expiren en funci\u00f3 quan es compleixi l&#8217;objectiu per al que serveixen (per exemple, perqu\u00e8 l&#8217;usuari es mantingui identificat a les p\u00e0gines de www.clicasia.com) o b\u00e9 quan s&#8217;esborren manualment.  <\/p>\n\n<p>Addicionalment, en funci\u00f3 del seu objectiu, les galetes es poden classificar de la seg\u00fcent manera:<\/p>\n\n<p><strong>Cookies de Rendiment:<\/strong> Aquest tipus de galeta recorda les teves prefer\u00e8ncies per a les eines que es troben a les p\u00e0gines, per la qual cosa no cal tornar a configurar cada vegada que la visites. A tall d&#8217;exemple, en aquesta tipologia s&#8217;inclouen: <\/p>\n\n<p><strong>Galetes de Geolocalitzaci\u00f3<\/strong> : Aquestes cookies s\u00f3n utilitzades per esbrinar a quin pa\u00eds et trobes quan es navega per la web. Aquesta galeta \u00e9s totalment an\u00f2nima, i nom\u00e9s s&#8217;utilitza per ajudar a orientar el contingut a la vostra ubicaci\u00f3. <\/p>\n\n<p><strong>Galetes de registre:<\/strong> Les galetes de registre es generen una vegada que l&#8217;usuari s&#8217;ha registrat o posteriorment va comen\u00e7ar la sessi\u00f3, i s&#8217;utilitzen per identificar-lo a les p\u00e0gines amb els objectius seg\u00fcents:<\/p>\n\n<p><strong>Galetes d&#8217;anal\u00edtica:<\/strong> Cada vegada que un usuari visita una p\u00e0gina, una eina d&#8217;un prove\u00efdor extern (en el nostre cas, Google Analytics) genera una galeta d&#8217;anal\u00edtica a l&#8217;ordinador de l&#8217;usuari. Aquesta galeta, que nom\u00e9s es genera durant la visita, s&#8217;utilitzar\u00e0 en futures visites a www.clicasia.com per identificar an\u00f2nimament el visitant. Els principals objectius s\u00f3n:  <\/p>\n\n<p><strong>Important:<\/strong> Llevat que l&#8217;usuari decideixi registrar-se a la web de www.clicasia.com, la &#8220;cookie&#8221; mai no anir\u00e0 associada a cap dada de car\u00e0cter personal que pugui identificar-lo. Aquestes galetes nom\u00e9s seran utilitzades amb prop\u00f2sits estad\u00edstics que ajudin a l&#8217;optimitzaci\u00f3 de l&#8217;experi\u00e8ncia dels usuaris al lloc. <\/p>\n\n<p>Addicionalment, CLICASIA CENTRE D&#8217;ESTUDIS ORIENTALS SL informa de manera m\u00e9s detallada de les cookies que utilitza els seus titulars, l&#8217;\u00fas o finalitat concreta, els terminis de conservaci\u00f3 aix\u00ed com de les transfer\u00e8ncies internacionals de dades de cadascuna d&#8217;elles utilitzades a la nostra p\u00e0gina web:<\/p>\n\n<figure class=\"wp-block-table\"><table><tbody><tr><td>Nom<\/td><td>Categoria<\/td><td>Descripci\u00f3<\/td><td>Propietat<\/td><td>Durada<\/td><\/tr><tr><td>_ga<\/td><td>An\u00e0lisi<\/td><td>Serveix per distingir els usuaris.<\/td><td>Tercers<\/td><td>2 anys<\/td><\/tr><tr><td>wordpress_<\/td><td>Funcionalitat<\/td><td>S&#8217;activa durant el login i desa els detalls d&#8217;autenticaci\u00f3.<\/td><td>Propi<\/td><td>1 any<\/td><\/tr><tr><td>wordpress_logined_sessi\u00f3_iniciada<\/td><td>Funcionalitat<\/td><td>S&#8217;activa durant el login i desa els detalls d&#8217;autenticaci\u00f3.<\/td><td>Propi<\/td><td>1 any<\/td><\/tr><tr><td>galeta_de_prova_de_wordpress<\/td><td>Funcionalitat<\/td><td>S&#8217;activa durant el login i desa els detalls d&#8217;autenticaci\u00f3.<\/td><td>Propi<\/td><td>1 any<\/td><\/tr><tr><td>configuraci\u00f3-wp-<\/td><td>Funcionalitat<\/td><td>S&#8217;utilitza per personalitzar la interf\u00edcie d&#8217;usuari.<\/td><td>Propi<\/td><td>1 any<\/td><\/tr><tr><td>wp-settings-time-<\/td><td>Funcionalitat<\/td><td>S&#8217;utilitza per personalitzar la interf\u00edcie d&#8217;usuari.<\/td><td>Propi<\/td><td>Final de sessi\u00f3<\/td><\/tr><\/tbody><\/table><\/figure>\n\n<p><strong>Altres galetes de tercers<\/strong><strong><\/strong><\/p>\n\n<p><br\/>En algunes de les nostres p\u00e0gines es poden instal\u00b7lar galetes de tercers que permetin gestionar i millorar els serveis que aquests ofereixen. Un exemple d\u201faquest \u00fas s\u00f3n els enlla\u00e7os a les xarxes socials que permeten compartir els nostres continguts. <\/p>\n\n<p><strong>Com puc configurar les meves prefer\u00e8ncies?<\/strong><\/p>\n\n<p><br\/>Podeu permetre, bloquejar o eliminar les galetes instal\u00b7lades al vostre equip mitjan\u00e7ant la configuraci\u00f3 de les opcions del vostre navegador d&#8217;internet. En cas que les bloquegeu, \u00e9s possible que certs serveis que necessiten el seu \u00fas no estiguin disponibles per a vost\u00e8.   <\/p>\n\n<p><strong>\u00das de galetes<\/strong><\/p>\n\n<p>Les galetes s\u00f3n fitxers enviats a un navegador per mitj\u00e0 d&#8217;un servidor web per registrar les activitats de l&#8217;usuari en una web determinada. La primera finalitat de les galetes \u00e9s la de facilitar a l&#8217;usuari un acc\u00e9s m\u00e9s r\u00e0pid a les p\u00e0gines seleccionades. <\/p>\n\n<p>El web www.clicasia.com utilitza galetes per personalitzar i facilitar al m\u00e0xim la navegaci\u00f3 de l&#8217;usuari. Les cookies s&#8217;associen \u00fanicament a un usuari an\u00f2nim i el vostre ordinador i no proporcionen refer\u00e8ncies que permetin deduir dades personals de l&#8217;usuari. L&#8217;usuari podr\u00e0 configurar el navegador perqu\u00e8 notifiqui i rebutgi la instal\u00b7laci\u00f3 de les cookies enviades per la web de www.clicasia.com, sense que aix\u00f2 perjudiqui la possibilitat de l&#8217;usuari d&#8217;accedir als continguts. Tot i aix\u00f2, et fem notar que, en tot cas, la qualitat de funcionament de la p\u00e0gina web pot disminuir.   <\/p>\n\n<p>Aix\u00ed mateix, la web de www.clicasia.com podr\u00e0 saber totes les p\u00e0gines visites pels usuaris, per la qual cosa podr\u00e0 facilitar o oferir informaci\u00f3 adequada als gustos i les prefer\u00e8ncies de cada usuari.<\/p>\n\n<p><strong>Com desactivar les Cookies els principals navegadors<\/strong><\/p>\n\n<p>Normalment \u00e9s possible deixar d&#8217;acceptar les galetes del navegador, o deixar d&#8217;acceptar les galetes d&#8217;una p\u00e0gina en particular.<\/p>\n\n<p>Tots els navegadors moderns permeten canviar la configuraci\u00f3 de galetes. Aquest par\u00e0metre normalment es troba a les &#8220;Opcions&#8221; o &#8220;Prefer\u00e8ncies&#8221; del men\u00fa del vostre navegador. <\/p>\n\n<p>El web de www.clicasia.com ofereix orientaci\u00f3 a l&#8217;usuari sobre els passos per accedir al men\u00fa de configuraci\u00f3 de les cookies i, si escau, de la navegaci\u00f3 privada a cadascun dels navegadors principals:<\/p>\n\n<p><strong>Qu\u00e8 passa si es desactiven les galetes?<\/strong><\/p>\n\n<p>Algunes funcionalitats de les p\u00e0gines quedaran desactivades com ara romandre identificat, rebre informaci\u00f3 dirigida a la seva localitzaci\u00f3 o la visualitzaci\u00f3 d&#8217;alguns v\u00eddeos.<\/p>\n\n<p><strong>Actualitzaci\u00f3 i canvis en la pol\u00edtica de galetes<\/strong><\/p>\n\n<p>El web de www.clicasia.com pot modificar aquesta Pol\u00edtica de Cookies en funci\u00f3 d&#8217;exig\u00e8ncies legislatives, reglament\u00e0ries, o per tal d&#8217;adaptar aquesta pol\u00edtica a les instruccions dictades per l&#8217;Ag\u00e8ncia Espanyola de Protecci\u00f3 de Dades, per aix\u00f2 s&#8217;aconsella als usuaris que la visitin peri\u00f2dicament.<\/p>\n\n<p>Quan es produeixin canvis significatius en aquesta Pol\u00edtica de Cookies, es comunicaran als usuaris mitjan\u00e7ant el web.<\/p>\n\n<p>Respecte de les galetes de tercers, \u00e9s a dir aquelles que s\u00f3n alienes al nostre lloc web, no podem fer-nos responsables del contingut i veracitat de les pol\u00edtiques de privadesa que ells inclouen pel que la informaci\u00f3 que us oferim \u00e9s sempre amb refer\u00e8ncia a la font.<\/p>\n","protected":false},"excerpt":{"rendered":"<p>Pol\u00edtica de Cookies CLIC\u00c0SIA CENTRE D\u00b4ESTUDIS ORIENTALS SL Qu\u00e8 s\u00f3n i per a qu\u00e8 els fem servir? Aquest lloc web, igual que la majoria de llocs web a Internet, utilitza cookies per millorar lexperi\u00e8ncia de lusuari. A continuaci\u00f3, trobareu informaci\u00f3 sobre qu\u00e8 s\u00f3n les galetes, quin tipus de galetes utilitza aquest portal, com podeu desactivar les galetes al vostre navegador i com desactivar espec\u00edficament la instal\u00b7laci\u00f3 de les galetes de tercers. Qu\u00e8 s\u00f3n les galetes (cookies)? Les cookies s\u00f3n petits arxius que algunes plataformes, com les p\u00e0gines web, poden instal\u00b7lar al vostre ordinador, tel\u00e8fon intel\u00b7ligent, tauleta o televisi\u00f3 connectada. Les seves funcions poden ser molt variades: emmagatzemar les prefer\u00e8ncies de navegaci\u00f3, recopilar informaci\u00f3 estad\u00edstica, permetre certes funcionalitats t\u00e8cniques, etc\u00e8tera. De vegades, les galetes s&#8217;utilitzen per emmagatzemar informaci\u00f3 b\u00e0sica sobre els h\u00e0bits de navegaci\u00f3 de l&#8217;usuari o del vostre equip, fins al punt, segons els casos, de poder recon\u00e8ixer-ho. Per qu\u00e8 s\u00f3n importants? Les galetes (cookies) s\u00f3n \u00fatils per diverses raons. Des d&#8217;un punt de vista t\u00e8cnic, permeten que els llocs web funcionin de manera m\u00e9s eficient i s&#8217;adaptin a les vostres prefer\u00e8ncies, com ara recordar el vostre idioma o moneda. Tamb\u00e9 ajuden els propietaris de llocs web a millorar els seus serveis proporcionant informaci\u00f3 estad\u00edstica. Tipologia, Finalitat i Funcionament de les Cookies Les galetes, en funci\u00f3 de la seva perman\u00e8ncia, poden dividir-se en galetes de sessi\u00f3 o permanents. Les primeres expiren quan l&#8217;usuari tanca el navegador. Les segones expiren en funci\u00f3 quan es compleixi l&#8217;objectiu per al que serveixen (per exemple, perqu\u00e8 l&#8217;usuari es mantingui identificat a les p\u00e0gines de www.clicasia.com) o b\u00e9 quan s&#8217;esborren manualment. Addicionalment, en funci\u00f3 del seu objectiu, les galetes es poden classificar de la seg\u00fcent manera: Cookies de Rendiment: Aquest tipus de galeta recorda les teves prefer\u00e8ncies per a les eines que es troben a les p\u00e0gines, per la qual cosa no cal tornar a configurar cada vegada que la visites. A tall d&#8217;exemple, en aquesta tipologia s&#8217;inclouen: Galetes de Geolocalitzaci\u00f3 : Aquestes cookies s\u00f3n utilitzades per esbrinar a quin pa\u00eds et trobes quan es navega per la web. Aquesta galeta \u00e9s totalment an\u00f2nima, i nom\u00e9s s&#8217;utilitza per ajudar a orientar el contingut a la vostra ubicaci\u00f3. Galetes de registre: Les galetes de registre es generen una vegada que l&#8217;usuari s&#8217;ha registrat o posteriorment va comen\u00e7ar la sessi\u00f3, i s&#8217;utilitzen per identificar-lo a les p\u00e0gines amb els objectius seg\u00fcents: Galetes d&#8217;anal\u00edtica: Cada vegada que un usuari visita una p\u00e0gina, una eina d&#8217;un prove\u00efdor extern (en el nostre cas, Google Analytics) genera una galeta d&#8217;anal\u00edtica a l&#8217;ordinador de l&#8217;usuari. Aquesta galeta, que nom\u00e9s es genera durant la visita, s&#8217;utilitzar\u00e0 en futures visites a www.clicasia.com per identificar an\u00f2nimament el visitant. Els principals objectius s\u00f3n: Important: Llevat que l&#8217;usuari decideixi registrar-se a la web de www.clicasia.com, la &#8220;cookie&#8221; mai no anir\u00e0 associada a cap dada de car\u00e0cter personal que pugui identificar-lo. Aquestes galetes nom\u00e9s seran utilitzades amb prop\u00f2sits estad\u00edstics que ajudin a l&#8217;optimitzaci\u00f3 de l&#8217;experi\u00e8ncia dels usuaris al lloc. Addicionalment, CLICASIA CENTRE D&#8217;ESTUDIS ORIENTALS SL informa de manera m\u00e9s detallada de les cookies que utilitza els seus titulars, l&#8217;\u00fas o finalitat concreta, els terminis de conservaci\u00f3 aix\u00ed com de les transfer\u00e8ncies internacionals de dades de cadascuna d&#8217;elles utilitzades a la nostra p\u00e0gina web: Nom Categoria Descripci\u00f3 Propietat Durada _ga An\u00e0lisi Serveix per distingir els usuaris. Tercers 2 anys wordpress_ Funcionalitat S&#8217;activa durant el login i desa els detalls d&#8217;autenticaci\u00f3. Propi 1 any wordpress_logined_sessi\u00f3_iniciada Funcionalitat S&#8217;activa durant el login i desa els detalls d&#8217;autenticaci\u00f3. Propi 1 any galeta_de_prova_de_wordpress Funcionalitat S&#8217;activa durant el login i desa els detalls d&#8217;autenticaci\u00f3. Propi 1 any configuraci\u00f3-wp- Funcionalitat S&#8217;utilitza per personalitzar la interf\u00edcie d&#8217;usuari. Propi 1 any wp-settings-time- Funcionalitat S&#8217;utilitza per personalitzar la interf\u00edcie d&#8217;usuari. Propi Final de sessi\u00f3 Altres galetes de tercers En algunes de les nostres p\u00e0gines es poden instal\u00b7lar galetes de tercers que permetin gestionar i millorar els serveis que aquests ofereixen. Un exemple d\u201faquest \u00fas s\u00f3n els enlla\u00e7os a les xarxes socials que permeten compartir els nostres continguts. Com puc configurar les meves prefer\u00e8ncies? Podeu permetre, bloquejar o eliminar les galetes instal\u00b7lades al vostre equip mitjan\u00e7ant la configuraci\u00f3 de les opcions del vostre navegador d&#8217;internet. En cas que les bloquegeu, \u00e9s possible que certs serveis que necessiten el seu \u00fas no estiguin disponibles per a vost\u00e8. \u00das de galetes Les galetes s\u00f3n fitxers enviats a un navegador per mitj\u00e0 d&#8217;un servidor web per registrar les activitats de l&#8217;usuari en una web determinada. La primera finalitat de les galetes \u00e9s la de facilitar a l&#8217;usuari un acc\u00e9s m\u00e9s r\u00e0pid a les p\u00e0gines seleccionades. El web www.clicasia.com utilitza galetes per personalitzar i facilitar al m\u00e0xim la navegaci\u00f3 de l&#8217;usuari. Les cookies s&#8217;associen \u00fanicament a un usuari an\u00f2nim i el vostre ordinador i no proporcionen refer\u00e8ncies que permetin deduir dades personals de l&#8217;usuari. L&#8217;usuari podr\u00e0 configurar el navegador perqu\u00e8 notifiqui i rebutgi la instal\u00b7laci\u00f3 de les cookies enviades per la web de www.clicasia.com, sense que aix\u00f2 perjudiqui la possibilitat de l&#8217;usuari d&#8217;accedir als continguts. Tot i aix\u00f2, et fem notar que, en tot cas, la qualitat de funcionament de la p\u00e0gina web pot disminuir. Aix\u00ed mateix, la web de www.clicasia.com podr\u00e0 saber totes les p\u00e0gines visites pels usuaris, per la qual cosa podr\u00e0 facilitar o oferir informaci\u00f3 adequada als gustos i les prefer\u00e8ncies de cada usuari. Com desactivar les Cookies els principals navegadors Normalment \u00e9s possible deixar d&#8217;acceptar les galetes del navegador, o deixar d&#8217;acceptar les galetes d&#8217;una p\u00e0gina en particular. Tots els navegadors moderns permeten canviar la configuraci\u00f3 de galetes. Aquest par\u00e0metre normalment es troba a les &#8220;Opcions&#8221; o &#8220;Prefer\u00e8ncies&#8221; del men\u00fa del vostre navegador. El web de www.clicasia.com ofereix orientaci\u00f3 a l&#8217;usuari sobre els passos per accedir al men\u00fa de configuraci\u00f3 de les cookies i, si escau, de la navegaci\u00f3 privada a cadascun dels navegadors principals: Qu\u00e8 passa si es desactiven les galetes? Algunes funcionalitats de les p\u00e0gines quedaran desactivades com ara romandre identificat, rebre informaci\u00f3 dirigida a la seva localitzaci\u00f3 o la visualitzaci\u00f3 d&#8217;alguns v\u00eddeos. Actualitzaci\u00f3 i canvis en la pol\u00edtica de galetes El web de www.clicasia.com pot modificar [&hellip;]<\/p>\n","protected":false},"author":2,"featured_media":0,"parent":0,"menu_order":5,"comment_status":"closed","ping_status":"closed","template":"","meta":{"_eb_attr":"","rop_custom_images_group":[],"rop_custom_messages_group":[],"rop_publish_now":"initial","rop_publish_now_accounts":[],"rop_publish_now_history":[],"rop_publish_now_status":"pending","_joinchat":[],"footnotes":""},"class_list":["post-35648","page","type-page","status-publish","hentry","post-no-thumbnail"],"_links":{"self":[{"href":"https:\/\/clicasia.com\/ca\/wp-json\/wp\/v2\/pages\/35648","targetHints":{"allow":["GET"]}}],"collection":[{"href":"https:\/\/clicasia.com\/ca\/wp-json\/wp\/v2\/pages"}],"about":[{"href":"https:\/\/clicasia.com\/ca\/wp-json\/wp\/v2\/types\/page"}],"author":[{"embeddable":true,"href":"https:\/\/clicasia.com\/ca\/wp-json\/wp\/v2\/users\/2"}],"replies":[{"embeddable":true,"href":"https:\/\/clicasia.com\/ca\/wp-json\/wp\/v2\/comments?post=35648"}],"version-history":[{"count":5,"href":"https:\/\/clicasia.com\/ca\/wp-json\/wp\/v2\/pages\/35648\/revisions"}],"predecessor-version":[{"id":35666,"href":"https:\/\/clicasia.com\/ca\/wp-json\/wp\/v2\/pages\/35648\/revisions\/35666"}],"wp:attachment":[{"href":"https:\/\/clicasia.com\/ca\/wp-json\/wp\/v2\/media?parent=35648"}],"curies":[{"name":"wp","href":"https:\/\/api.w.org\/{rel}","templated":true}]}}