{"id":35634,"date":"2016-04-01T14:13:31","date_gmt":"2016-04-01T12:13:31","guid":{"rendered":"https:\/\/clicasia.com\/els-nostres-metodes\/"},"modified":"2026-04-15T21:57:52","modified_gmt":"2026-04-15T19:57:52","slug":"els-nostres-metodes","status":"publish","type":"page","link":"https:\/\/clicasia.com\/ca\/els-nostres-metodes\/","title":{"rendered":"Els nostres m\u00e8todes"},"content":{"rendered":"\t\t<div data-elementor-type=\"wp-page\" data-elementor-id=\"35634\" class=\"elementor elementor-35634 elementor-166\" data-elementor-post-type=\"page\">\n\t\t\t\t\t\t<section class=\"elementor-section elementor-top-section elementor-element elementor-element-1cccc7a elementor-section-boxed elementor-section-gap-beside-yes elementor-section-height-default elementor-section-height-default elementor-section-column-vertical-align-stretch\" data-id=\"1cccc7a\" data-element_type=\"section\" data-e-type=\"section\" data-settings=\"{&quot;background_background&quot;:&quot;classic&quot;}\">\n\t\t\t\t\t\t\t<div class=\"elementor-background-overlay\"><\/div>\n\t\t\t\t\t\t\t<div class=\"elementor-container elementor-column-gap-extended\">\n\t\t\t\t\t<div class=\"elementor-column elementor-col-100 elementor-top-column elementor-element elementor-element-bf02e44\" data-id=\"bf02e44\" data-element_type=\"column\" data-e-type=\"column\">\n\t\t\t<div class=\"elementor-widget-wrap elementor-element-populated\">\n\t\t\t\t\t\t<section class=\"elementor-section elementor-inner-section elementor-element elementor-element-e7f188e elementor-section-boxed elementor-section-gap-beside-yes elementor-section-height-default elementor-section-height-default elementor-section-column-vertical-align-stretch\" data-id=\"e7f188e\" data-element_type=\"section\" data-e-type=\"section\">\n\t\t\t\t\t\t<div class=\"elementor-container elementor-column-gap-extended\">\n\t\t\t\t\t<div class=\"elementor-column elementor-col-50 elementor-inner-column elementor-element elementor-element-06bd2a8\" data-id=\"06bd2a8\" data-element_type=\"column\" data-e-type=\"column\">\n\t\t\t<div class=\"elementor-widget-wrap elementor-element-populated\">\n\t\t\t\t\t\t<div class=\"elementor-element elementor-element-0779811 elementor-widget elementor-widget-heading\" data-id=\"0779811\" data-element_type=\"widget\" data-e-type=\"widget\" data-widget_type=\"heading.default\">\n\t\t\t\t<div class=\"elementor-widget-container\">\n\t\t\t\t\t<h1 class=\"elementor-heading-title elementor-size-default\">La nostra metodologia<\/h1>\t\t\t\t<\/div>\n\t\t\t\t<\/div>\n\t\t\t\t<div class=\"elementor-element elementor-element-a0129e1 elementor-widget elementor-widget-heading\" data-id=\"a0129e1\" data-element_type=\"widget\" data-e-type=\"widget\" data-widget_type=\"heading.default\">\n\t\t\t\t<div class=\"elementor-widget-container\">\n\t\t\t\t\t<h2 class=\"elementor-heading-title elementor-size-default\">Ci\u00e8ncia aplicada al llenguatge.<\/h2>\t\t\t\t<\/div>\n\t\t\t\t<\/div>\n\t\t\t\t\t<\/div>\n\t\t<\/div>\n\t\t\t\t<div class=\"elementor-column elementor-col-50 elementor-inner-column elementor-element elementor-element-5d55597\" data-id=\"5d55597\" data-element_type=\"column\" data-e-type=\"column\">\n\t\t\t<div class=\"elementor-widget-wrap\">\n\t\t\t\t\t\t\t<\/div>\n\t\t<\/div>\n\t\t\t\t\t<\/div>\n\t\t<\/section>\n\t\t\t\t\t<\/div>\n\t\t<\/div>\n\t\t\t\t\t<\/div>\n\t\t<\/section>\n\t\t\t\t<section class=\"elementor-section elementor-top-section elementor-element elementor-element-addad68 elementor-section-boxed elementor-section-gap-beside-yes elementor-section-height-default elementor-section-height-default elementor-section-column-vertical-align-stretch\" data-id=\"addad68\" data-element_type=\"section\" data-e-type=\"section\">\n\t\t\t\t\t\t<div class=\"elementor-container elementor-column-gap-extended\">\n\t\t\t\t\t<div class=\"elementor-column elementor-col-50 elementor-top-column elementor-element elementor-element-f5d0197\" data-id=\"f5d0197\" data-element_type=\"column\" data-e-type=\"column\">\n\t\t\t<div class=\"elementor-widget-wrap elementor-element-populated\">\n\t\t\t\t\t\t<div class=\"elementor-element elementor-element-8d7bdd2 elementor-widget elementor-widget-text-editor\" data-id=\"8d7bdd2\" data-element_type=\"widget\" data-e-type=\"widget\" data-widget_type=\"text-editor.default\">\n\t\t\t\t<div class=\"elementor-widget-container\">\n\t\t\t\t\t\t\t\t\t<h2>Enfocament pluriling\u00fce<\/h2><p>La principal idea \u00e9s obtenir comunicaci\u00f3 des del primer dia, \u00e9s a dir, tots els estudiants independentment del nivell que posseeixin: ja sigui molt ric o esc\u00e0s, utilitzin tot el seu bagatge ling\u00fc\u00edstic per poder comunicar-se.<\/p><p>Aix\u00ed, doncs, en el cas d&#8217;abs\u00e8ncia de mediador, els parlants tamb\u00e9 poden aconseguir algun grau de comunicaci\u00f3 mitjan\u00e7ant la utilitzaci\u00f3 de recursos paraling\u00fc\u00edstics (m\u00edmica, gestos, expressions facials, etc.) i la simplificaci\u00f3 radical de l&#8217;\u00fas de la llengua malgrat que el seu nivell de l&#8217;idioma sigui insuficient.<\/p>\t\t\t\t\t\t\t\t<\/div>\n\t\t\t\t<\/div>\n\t\t\t\t\t<\/div>\n\t\t<\/div>\n\t\t\t\t<div class=\"elementor-column elementor-col-50 elementor-top-column elementor-element elementor-element-ec981f6\" data-id=\"ec981f6\" data-element_type=\"column\" data-e-type=\"column\">\n\t\t\t<div class=\"elementor-widget-wrap elementor-element-populated\">\n\t\t\t\t\t\t<div class=\"elementor-element elementor-element-a4d702c elementor-widget elementor-widget-text-editor\" data-id=\"a4d702c\" data-element_type=\"widget\" data-e-type=\"widget\" data-widget_type=\"text-editor.default\">\n\t\t\t\t<div class=\"elementor-widget-container\">\n\t\t\t\t\t\t\t\t\t<h2>Ling\u00fc\u00edstica generativista<\/h2><p>ClicAsia confia que, des d&#8217;un nivell d&#8217;abstracci\u00f3 alt, totes les lleng\u00fces naturals encaixen al mateix model, ja que l&#8217;estructura sint\u00e0ctica de base \u00e9s la mateixa. Aix\u00ed, ressaltem el paper de la gram\u00e0tica en la comunicaci\u00f3 en el sentit que la difer\u00e8ncia de la perspectiva entre dues frases \u00e9s resultat de la diversitat estructural. <\/p><p>Aix\u00f2 no obstant, no pretenem presentar la gram\u00e0tica de manera deductiva, sin\u00f3 que utilitzem recursos visuals de suport. A l&#8217;ensenyament dels continguts gramaticals n&#8217;hi ha prou amb la informaci\u00f3 que mostra la imatge amb ajuda del professor mitjan\u00e7ant exemples significatius destacant el context discursiu. <\/p>\t\t\t\t\t\t\t\t<\/div>\n\t\t\t\t<\/div>\n\t\t\t\t\t<\/div>\n\t\t<\/div>\n\t\t\t\t\t<\/div>\n\t\t<\/section>\n\t\t\t\t<section class=\"elementor-section elementor-top-section elementor-element elementor-element-ce08861 elementor-section-boxed elementor-section-gap-beside-yes elementor-section-height-default elementor-section-height-default elementor-section-column-vertical-align-stretch\" data-id=\"ce08861\" data-element_type=\"section\" data-e-type=\"section\">\n\t\t\t\t\t\t<div class=\"elementor-container elementor-column-gap-extended\">\n\t\t\t\t\t<div class=\"elementor-column elementor-col-100 elementor-top-column elementor-element elementor-element-ad039ae\" data-id=\"ad039ae\" data-element_type=\"column\" data-e-type=\"column\">\n\t\t\t<div class=\"elementor-widget-wrap elementor-element-populated\">\n\t\t\t\t\t\t<div class=\"elementor-element elementor-element-d2707f6 elementor-widget elementor-widget-spacer\" data-id=\"d2707f6\" data-element_type=\"widget\" data-e-type=\"widget\" data-widget_type=\"spacer.default\">\n\t\t\t\t<div class=\"elementor-widget-container\">\n\t\t\t\t\t\t\t<div class=\"elementor-spacer\">\n\t\t\t<div class=\"elementor-spacer-inner\"><\/div>\n\t\t<\/div>\n\t\t\t\t\t\t<\/div>\n\t\t\t\t<\/div>\n\t\t\t\t\t<\/div>\n\t\t<\/div>\n\t\t\t\t\t<\/div>\n\t\t<\/section>\n\t\t\t\t<section class=\"elementor-section elementor-top-section elementor-element elementor-element-6904e5b elementor-section-boxed elementor-section-gap-beside-yes elementor-section-height-default elementor-section-height-default elementor-section-column-vertical-align-stretch\" data-id=\"6904e5b\" data-element_type=\"section\" data-e-type=\"section\">\n\t\t\t\t\t\t<div class=\"elementor-container elementor-column-gap-extended\">\n\t\t\t\t\t<div class=\"elementor-column elementor-col-50 elementor-top-column elementor-element elementor-element-c3d3041\" data-id=\"c3d3041\" data-element_type=\"column\" data-e-type=\"column\">\n\t\t\t<div class=\"elementor-widget-wrap elementor-element-populated\">\n\t\t\t\t\t\t<div class=\"elementor-element elementor-element-4d30563 elementor-widget elementor-widget-text-editor\" data-id=\"4d30563\" data-element_type=\"widget\" data-e-type=\"widget\" data-widget_type=\"text-editor.default\">\n\t\t\t\t<div class=\"elementor-widget-container\">\n\t\t\t\t\t\t\t\t\t<h2>Ling\u00fc\u00edstica cognitiva<\/h2><p>A la nostra acad\u00e8mia intentem rec\u00f3rrer al patr\u00f3 cognitiu que comparteixen entre la llengua que l&#8217;alumne est\u00e0 aprenent i la seva llengua materna, aix\u00ed que destaquem el paper de la L1 a l&#8217;ensenyament mitjan\u00e7ant les t\u00e8cniques de traducci\u00f3. No obstant aix\u00f2, el concepte de traducci\u00f3 a qu\u00e8 ens referim \u00e9s molt diferent del m\u00e8tode dels anys 60 i 70. El nostre m\u00e8tode es basa en el Marc Europeu Com\u00fa de Refer\u00e8ncia per a les Lleng\u00fces, d&#8217;aquesta manera pretenem que l&#8217;ensenyament de qualsevol fenomen ling\u00fc\u00edstic s&#8217;absorbeixi sense que l&#8217;alumne se n&#8217;adoni. <\/p>\t\t\t\t\t\t\t\t<\/div>\n\t\t\t\t<\/div>\n\t\t\t\t\t<\/div>\n\t\t<\/div>\n\t\t\t\t<div class=\"elementor-column elementor-col-50 elementor-top-column elementor-element elementor-element-963b247\" data-id=\"963b247\" data-element_type=\"column\" data-e-type=\"column\">\n\t\t\t<div class=\"elementor-widget-wrap elementor-element-populated\">\n\t\t\t\t\t\t<div class=\"elementor-element elementor-element-8570aeb elementor-widget elementor-widget-text-editor\" data-id=\"8570aeb\" data-element_type=\"widget\" data-e-type=\"widget\" data-widget_type=\"text-editor.default\">\n\t\t\t\t<div class=\"elementor-widget-container\">\n\t\t\t\t\t\t\t\t\t<h2>Enfocament l\u00e8xic<\/h2><p>Des del principi de curs, utilitzem material propi elaborat pel professorat expert que ressaltem combinacions estructurals m\u00e9s freq\u00fcents de cada idioma.<\/p><p>A l&#8217;hora de seleccionar estructures tenim en compte la llei de Zipf recorrent al corpus de freq\u00fc\u00e8ncia, de manera que assegurem que les estructures seleccionades s\u00f3n naturals, d&#8217;\u00fas freq\u00fcent i, si \u00e9s possible, f\u00e0cils de combinar entre si.<\/p>\t\t\t\t\t\t\t\t<\/div>\n\t\t\t\t<\/div>\n\t\t\t\t\t<\/div>\n\t\t<\/div>\n\t\t\t\t\t<\/div>\n\t\t<\/section>\n\t\t\t\t<section class=\"elementor-section elementor-top-section elementor-element elementor-element-d0a0257 elementor-section-boxed elementor-section-gap-beside-yes elementor-section-height-default elementor-section-height-default elementor-section-column-vertical-align-stretch\" data-id=\"d0a0257\" data-element_type=\"section\" data-e-type=\"section\">\n\t\t\t\t\t\t<div class=\"elementor-container elementor-column-gap-extended\">\n\t\t\t\t\t<div class=\"elementor-column elementor-col-100 elementor-top-column elementor-element elementor-element-5ca3b88\" data-id=\"5ca3b88\" data-element_type=\"column\" data-e-type=\"column\">\n\t\t\t<div class=\"elementor-widget-wrap elementor-element-populated\">\n\t\t\t\t\t\t<div class=\"elementor-element elementor-element-19e6452 elementor-widget elementor-widget-spacer\" data-id=\"19e6452\" data-element_type=\"widget\" data-e-type=\"widget\" data-widget_type=\"spacer.default\">\n\t\t\t\t<div class=\"elementor-widget-container\">\n\t\t\t\t\t\t\t<div class=\"elementor-spacer\">\n\t\t\t<div class=\"elementor-spacer-inner\"><\/div>\n\t\t<\/div>\n\t\t\t\t\t\t<\/div>\n\t\t\t\t<\/div>\n\t\t\t\t<section class=\"elementor-section elementor-inner-section elementor-element elementor-element-8ae5ed6 elementor-section-boxed elementor-section-gap-beside-yes elementor-section-height-default elementor-section-height-default elementor-section-column-vertical-align-stretch\" data-id=\"8ae5ed6\" data-element_type=\"section\" data-e-type=\"section\">\n\t\t\t\t\t\t<div class=\"elementor-container elementor-column-gap-extended\">\n\t\t\t\t\t<div class=\"elementor-column elementor-col-50 elementor-inner-column elementor-element elementor-element-c7a39c9\" data-id=\"c7a39c9\" data-element_type=\"column\" data-e-type=\"column\">\n\t\t\t<div class=\"elementor-widget-wrap elementor-element-populated\">\n\t\t\t\t\t\t<div class=\"elementor-element elementor-element-b58b071 elementor-widget elementor-widget-button\" data-id=\"b58b071\" data-element_type=\"widget\" data-e-type=\"widget\" data-widget_type=\"button.default\">\n\t\t\t\t<div class=\"elementor-widget-container\">\n\t\t\t\t\t\t\t\t\t<div class=\"elementor-button-wrapper\">\n\t\t\t\t\t<a class=\"elementor-button elementor-button-link elementor-size-sm\" href=\"https:\/\/clicasia.com\/metodologia-para-ninos\/\">\n\t\t\t\t\t\t<span class=\"elementor-button-content-wrapper\">\n\t\t\t\t\t\t<span class=\"elementor-button-icon\">\n\t\t\t\t<i aria-hidden=\"true\" class=\"far fa-chevron-right\"><\/i>\t\t\t<\/span>\n\t\t\t\t\t\t\t\t\t<span class=\"elementor-button-text\">Metodologia per a nens  <\/span>\n\t\t\t\t\t<\/span>\n\t\t\t\t\t<\/a>\n\t\t\t\t<\/div>\n\t\t\t\t\t\t\t\t<\/div>\n\t\t\t\t<\/div>\n\t\t\t\t\t<\/div>\n\t\t<\/div>\n\t\t\t\t<div class=\"elementor-column elementor-col-50 elementor-inner-column elementor-element elementor-element-fc0ca36\" data-id=\"fc0ca36\" data-element_type=\"column\" data-e-type=\"column\">\n\t\t\t<div class=\"elementor-widget-wrap\">\n\t\t\t\t\t\t\t<\/div>\n\t\t<\/div>\n\t\t\t\t\t<\/div>\n\t\t<\/section>\n\t\t\t\t\t<\/div>\n\t\t<\/div>\n\t\t\t\t\t<\/div>\n\t\t<\/section>\n\t\t\t\t<section class=\"elementor-section elementor-top-section elementor-element elementor-element-ce2828d elementor-section-boxed elementor-section-gap-beside-yes elementor-section-height-default elementor-section-height-default elementor-section-column-vertical-align-stretch\" data-id=\"ce2828d\" data-element_type=\"section\" data-e-type=\"section\">\n\t\t\t\t\t\t<div class=\"elementor-container elementor-column-gap-extended\">\n\t\t\t\t\t<div class=\"elementor-column elementor-col-100 elementor-top-column elementor-element elementor-element-3f09193\" data-id=\"3f09193\" data-element_type=\"column\" data-e-type=\"column\">\n\t\t\t<div class=\"elementor-widget-wrap elementor-element-populated\">\n\t\t\t\t\t\t<div class=\"elementor-element elementor-element-0141b5e elementor-widget elementor-widget-spacer\" data-id=\"0141b5e\" data-element_type=\"widget\" data-e-type=\"widget\" data-widget_type=\"spacer.default\">\n\t\t\t\t<div class=\"elementor-widget-container\">\n\t\t\t\t\t\t\t<div class=\"elementor-spacer\">\n\t\t\t<div class=\"elementor-spacer-inner\"><\/div>\n\t\t<\/div>\n\t\t\t\t\t\t<\/div>\n\t\t\t\t<\/div>\n\t\t\t\t\t<\/div>\n\t\t<\/div>\n\t\t\t\t\t<\/div>\n\t\t<\/section>\n\t\t\t\t<section class=\"elementor-section elementor-top-section elementor-element elementor-element-159d116 elementor-section-content-middle elementor-section-boxed elementor-section-gap-beside-yes elementor-section-height-default elementor-section-height-default elementor-section-column-vertical-align-stretch\" data-id=\"159d116\" data-element_type=\"section\" data-e-type=\"section\" data-settings=\"{&quot;background_background&quot;:&quot;classic&quot;}\">\n\t\t\t\t\t\t<div class=\"elementor-container elementor-column-gap-extended\">\n\t\t\t\t\t<div class=\"elementor-column elementor-col-33 elementor-top-column elementor-element elementor-element-f840aaa\" data-id=\"f840aaa\" data-element_type=\"column\" data-e-type=\"column\">\n\t\t\t<div class=\"elementor-widget-wrap elementor-element-populated\">\n\t\t\t\t\t\t<div class=\"elementor-element elementor-element-77d3f53 elementor-invisible elementor-widget elementor-widget-tm-heading\" data-id=\"77d3f53\" data-element_type=\"widget\" data-e-type=\"widget\" data-settings=\"{&quot;_animation&quot;:&quot;edumallFadeInUp&quot;}\" data-widget_type=\"tm-heading.default\">\n\t\t\t\t<div class=\"elementor-widget-container\">\n\t\t\t\t\t\t\t<div class=\"tm-modern-heading\">\n\t\t\t\n\t\t\t\t\t<div class=\"heading-primary-wrap\">\n\t\t\t<h2 class=\"heading-primary elementor-heading-title\">Hem ajudat a\n <mark>+38<\/mark> empreses a descobrir \u00c0sia.<\/h2>\t\t<\/div>\n\t\t\n\t\t\t\n\t\t\t\t\t<\/div>\n\t\t\t\t\t\t<\/div>\n\t\t\t\t<\/div>\n\t\t\t\t<div class=\"elementor-element elementor-element-e80148c elementor-tablet-align-center elementor-invisible elementor-widget elementor-widget-tm-button\" data-id=\"e80148c\" data-element_type=\"widget\" data-e-type=\"widget\" data-settings=\"{&quot;_animation&quot;:&quot;edumallFadeInUp&quot;}\" data-widget_type=\"tm-button.default\">\n\t\t\t\t<div class=\"elementor-widget-container\">\n\t\t\t\t\t\t\t<div class=\"tm-button-wrapper\">\n\t\t\t<a href=\"#\" class=\"tm-button-link tm-button style-flat tm-button-nm\" role=\"button\">\n\t\t\t\t\t\t<div class=\"button-content-wrapper\">\n\t\t\t\n\t\t\t\t\t\t\t<span class=\"button-text\">Veure tots<\/span>\n\t\t\t\n\t\t\t\t\t<\/div>\n\t\t\n\t\t\t\t\t\t\t<\/a>\n\t\t<\/div>\n\t\t\t\t\t\t<\/div>\n\t\t\t\t<\/div>\n\t\t\t\t\t<\/div>\n\t\t<\/div>\n\t\t\t\t<div class=\"elementor-column elementor-col-66 elementor-top-column elementor-element elementor-element-5bc5b98\" data-id=\"5bc5b98\" data-element_type=\"column\" data-e-type=\"column\">\n\t\t\t<div class=\"elementor-widget-wrap elementor-element-populated\">\n\t\t\t\t\t\t<div class=\"elementor-element elementor-element-f1cada0 elementor-invisible elementor-widget elementor-widget-tm-client-logo\" data-id=\"f1cada0\" data-element_type=\"widget\" data-e-type=\"widget\" data-settings=\"{&quot;_animation&quot;:&quot;edumallFadeInUp&quot;}\" data-widget_type=\"tm-client-logo.default\">\n\t\t\t\t<div class=\"elementor-widget-container\">\n\t\t\t\t\t\t\t<div class=\"tm-client-logo\">\n\t\t\t<div class=\"modern-grid flex-item\">\n\t\t\t\t\n\t\t\t\t\t\t\t<div class=\"grid-item elementor-repeater-item-d39020b\">\n\t\t\t\t\t\t<div class=\"item\">\n\n\t\t\t\n\t\t\t\t<div class=\"image\">\n\t\t\t\t\t<img decoding=\"async\" src=\"http:\/\/clicasia.com\/wp-content\/uploads\/2016\/10\/mobileworldcongress.jpg\"\n\t\t\t\t\t     alt=\"Client Logo\">\n\t\t\t\t<\/div>\n\n\t\t\t\t\t\t<\/div>\n\t\t\t\t\t<\/div>\n\t\t\t\t\t<div class=\"grid-item elementor-repeater-item-1b12f4a\">\n\t\t\t\t\t\t<div class=\"item\">\n\n\t\t\t\n\t\t\t\t<div class=\"image\">\n\t\t\t\t\t<img decoding=\"async\" src=\"http:\/\/clicasia.com\/wp-content\/uploads\/2016\/10\/simon-1.jpg\"\n\t\t\t\t\t     alt=\"Client Logo\">\n\t\t\t\t<\/div>\n\n\t\t\t\t\t\t<\/div>\n\t\t\t\t\t<\/div>\n\t\t\t\t\t<div class=\"grid-item elementor-repeater-item-69950ba\">\n\t\t\t\t\t\t<div class=\"item\">\n\n\t\t\t\n\t\t\t\t<div class=\"image\">\n\t\t\t\t\t<img decoding=\"async\" src=\"http:\/\/clicasia.com\/wp-content\/uploads\/2016\/10\/generalitat.jpg\"\n\t\t\t\t\t     alt=\"Client Logo\">\n\t\t\t\t<\/div>\n\n\t\t\t\t\t\t<\/div>\n\t\t\t\t\t<\/div>\n\t\t\t\t\t<div class=\"grid-item elementor-repeater-item-a098a8b\">\n\t\t\t\t\t\t<div class=\"item\">\n\n\t\t\t\n\t\t\t\t<div class=\"image\">\n\t\t\t\t\t<img decoding=\"async\" src=\"http:\/\/clicasia.com\/wp-content\/uploads\/2016\/10\/uab.jpg\"\n\t\t\t\t\t     alt=\"Client Logo\">\n\t\t\t\t<\/div>\n\n\t\t\t\t\t\t<\/div>\n\t\t\t\t\t<\/div>\n\t\t\t\t\t<div class=\"grid-item elementor-repeater-item-eed9d42\">\n\t\t\t\t\t\t<div class=\"item\">\n\n\t\t\t\n\t\t\t\t<div class=\"image\">\n\t\t\t\t\t<img decoding=\"async\" src=\"http:\/\/clicasia.com\/wp-content\/uploads\/2016\/10\/universidadcomplutensemadrid.jpg\"\n\t\t\t\t\t     alt=\"Client Logo\">\n\t\t\t\t<\/div>\n\n\t\t\t\t\t\t<\/div>\n\t\t\t\t\t<\/div>\n\t\t\t\t\t<div class=\"grid-item elementor-repeater-item-4c48aec\">\n\t\t\t\t\t\t<div class=\"item\">\n\n\t\t\t\n\t\t\t\t<div class=\"image\">\n\t\t\t\t\t<img decoding=\"async\" src=\"http:\/\/clicasia.com\/wp-content\/uploads\/2016\/10\/Beijing-Foreign-Languages-School-1.jpg\"\n\t\t\t\t\t     alt=\"Client Logo\">\n\t\t\t\t<\/div>\n\n\t\t\t\t\t\t<\/div>\n\t\t\t\t\t<\/div>\n\t\t\t\t\t<div class=\"grid-item elementor-repeater-item-7795963\">\n\t\t\t\t\t\t<div class=\"item\">\n\n\t\t\t\n\t\t\t\t<div class=\"image\">\n\t\t\t\t\t<img decoding=\"async\" src=\"http:\/\/clicasia.com\/wp-content\/uploads\/2016\/10\/cadenaSER.jpg\"\n\t\t\t\t\t     alt=\"Client Logo\">\n\t\t\t\t<\/div>\n\n\t\t\t\t\t\t<\/div>\n\t\t\t\t\t<\/div>\n\t\t\t\t\t<div class=\"grid-item elementor-repeater-item-5de6db9\">\n\t\t\t\t\t\t<div class=\"item\">\n\n\t\t\t\n\t\t\t\t<div class=\"image\">\n\t\t\t\t\t<img decoding=\"async\" src=\"http:\/\/clicasia.com\/wp-content\/uploads\/2016\/10\/icex.gif\"\n\t\t\t\t\t     alt=\"Client Logo\">\n\t\t\t\t<\/div>\n\n\t\t\t\t\t\t<\/div>\n\t\t\t\t\t<\/div>\n\t\t\n\t\t\t\t\t\t\t<\/div>\n\t\t<\/div>\n\t\t\t\t\t\t<\/div>\n\t\t\t\t<\/div>\n\t\t\t\t\t<\/div>\n\t\t<\/div>\n\t\t\t\t\t<\/div>\n\t\t<\/section>\n\t\t\t\t<section class=\"elementor-section elementor-top-section elementor-element elementor-element-342510b elementor-section-boxed elementor-section-gap-beside-yes elementor-section-height-default elementor-section-height-default elementor-section-column-vertical-align-stretch\" data-id=\"342510b\" data-element_type=\"section\" data-e-type=\"section\">\n\t\t\t\t\t\t<div class=\"elementor-container elementor-column-gap-extended\">\n\t\t\t\t\t<div class=\"elementor-column elementor-col-100 elementor-top-column elementor-element elementor-element-4d1d891\" data-id=\"4d1d891\" data-element_type=\"column\" data-e-type=\"column\">\n\t\t\t<div class=\"elementor-widget-wrap elementor-element-populated\">\n\t\t\t\t\t\t<div class=\"elementor-element elementor-element-89d97de elementor-widget elementor-widget-spacer\" data-id=\"89d97de\" data-element_type=\"widget\" data-e-type=\"widget\" data-widget_type=\"spacer.default\">\n\t\t\t\t<div class=\"elementor-widget-container\">\n\t\t\t\t\t\t\t<div class=\"elementor-spacer\">\n\t\t\t<div class=\"elementor-spacer-inner\"><\/div>\n\t\t<\/div>\n\t\t\t\t\t\t<\/div>\n\t\t\t\t<\/div>\n\t\t\t\t\t<\/div>\n\t\t<\/div>\n\t\t\t\t\t<\/div>\n\t\t<\/section>\n\t\t\t\t<\/div>\n\t\t","protected":false},"excerpt":{"rendered":"<p>La nostra metodologia Ci\u00e8ncia aplicada al llenguatge. Enfocament pluriling\u00fce La principal idea \u00e9s obtenir comunicaci\u00f3 des del primer dia, \u00e9s a dir, tots els estudiants independentment del nivell que posseeixin: ja sigui molt ric o esc\u00e0s, utilitzin tot el seu bagatge ling\u00fc\u00edstic per poder comunicar-se. Aix\u00ed, doncs, en el cas d&#8217;abs\u00e8ncia de mediador, els parlants tamb\u00e9 poden aconseguir algun grau de comunicaci\u00f3 mitjan\u00e7ant la utilitzaci\u00f3 de recursos paraling\u00fc\u00edstics (m\u00edmica, gestos, expressions facials, etc.) i la simplificaci\u00f3 radical de l&#8217;\u00fas de la llengua malgrat que el seu nivell de l&#8217;idioma sigui insuficient. Ling\u00fc\u00edstica generativista ClicAsia confia que, des d&#8217;un nivell d&#8217;abstracci\u00f3 alt, totes les lleng\u00fces naturals encaixen al mateix model, ja que l&#8217;estructura sint\u00e0ctica de base \u00e9s la mateixa. Aix\u00ed, ressaltem el paper de la gram\u00e0tica en la comunicaci\u00f3 en el sentit que la difer\u00e8ncia de la perspectiva entre dues frases \u00e9s resultat de la diversitat estructural. Aix\u00f2 no obstant, no pretenem presentar la gram\u00e0tica de manera deductiva, sin\u00f3 que utilitzem recursos visuals de suport. A l&#8217;ensenyament dels continguts gramaticals n&#8217;hi ha prou amb la informaci\u00f3 que mostra la imatge amb ajuda del professor mitjan\u00e7ant exemples significatius destacant el context discursiu. Ling\u00fc\u00edstica cognitiva A la nostra acad\u00e8mia intentem rec\u00f3rrer al patr\u00f3 cognitiu que comparteixen entre la llengua que l&#8217;alumne est\u00e0 aprenent i la seva llengua materna, aix\u00ed que destaquem el paper de la L1 a l&#8217;ensenyament mitjan\u00e7ant les t\u00e8cniques de traducci\u00f3. No obstant aix\u00f2, el concepte de traducci\u00f3 a qu\u00e8 ens referim \u00e9s molt diferent del m\u00e8tode dels anys 60 i 70. El nostre m\u00e8tode es basa en el Marc Europeu Com\u00fa de Refer\u00e8ncia per a les Lleng\u00fces, d&#8217;aquesta manera pretenem que l&#8217;ensenyament de qualsevol fenomen ling\u00fc\u00edstic s&#8217;absorbeixi sense que l&#8217;alumne se n&#8217;adoni. Enfocament l\u00e8xic Des del principi de curs, utilitzem material propi elaborat pel professorat expert que ressaltem combinacions estructurals m\u00e9s freq\u00fcents de cada idioma. A l&#8217;hora de seleccionar estructures tenim en compte la llei de Zipf recorrent al corpus de freq\u00fc\u00e8ncia, de manera que assegurem que les estructures seleccionades s\u00f3n naturals, d&#8217;\u00fas freq\u00fcent i, si \u00e9s possible, f\u00e0cils de combinar entre si. Metodologia per a nens Hem ajudat a +38 empreses a descobrir \u00c0sia. Veure tots<\/p>\n","protected":false},"author":1,"featured_media":0,"parent":0,"menu_order":43,"comment_status":"closed","ping_status":"closed","template":"","meta":{"_eb_attr":"","rop_custom_images_group":[],"rop_custom_messages_group":[],"rop_publish_now":"initial","rop_publish_now_accounts":[],"rop_publish_now_history":[],"rop_publish_now_status":"pending","_joinchat":[],"footnotes":""},"class_list":["post-35634","page","type-page","status-publish","hentry","post-no-thumbnail"],"_links":{"self":[{"href":"https:\/\/clicasia.com\/ca\/wp-json\/wp\/v2\/pages\/35634","targetHints":{"allow":["GET"]}}],"collection":[{"href":"https:\/\/clicasia.com\/ca\/wp-json\/wp\/v2\/pages"}],"about":[{"href":"https:\/\/clicasia.com\/ca\/wp-json\/wp\/v2\/types\/page"}],"author":[{"embeddable":true,"href":"https:\/\/clicasia.com\/ca\/wp-json\/wp\/v2\/users\/1"}],"replies":[{"embeddable":true,"href":"https:\/\/clicasia.com\/ca\/wp-json\/wp\/v2\/comments?post=35634"}],"version-history":[{"count":3,"href":"https:\/\/clicasia.com\/ca\/wp-json\/wp\/v2\/pages\/35634\/revisions"}],"predecessor-version":[{"id":35661,"href":"https:\/\/clicasia.com\/ca\/wp-json\/wp\/v2\/pages\/35634\/revisions\/35661"}],"wp:attachment":[{"href":"https:\/\/clicasia.com\/ca\/wp-json\/wp\/v2\/media?parent=35634"}],"curies":[{"name":"wp","href":"https:\/\/api.w.org\/{rel}","templated":true}]}}