{"id":35632,"date":"2020-10-20T04:12:24","date_gmt":"2020-10-20T02:12:24","guid":{"rendered":"https:\/\/clicasia.com\/faqs\/"},"modified":"2026-04-15T21:57:51","modified_gmt":"2026-04-15T19:57:51","slug":"faqs","status":"publish","type":"page","link":"https:\/\/clicasia.com\/ca\/faqs\/","title":{"rendered":"FAQs"},"content":{"rendered":"<div  class=\"ewd-ufaq-faq-list ewd-ufaq-page-type-load_more ewd-ufaq-category-tabs-\" id='ewd-ufaq-faq-list'>\n\n\t<input type='hidden' name='show_on_load' value='' id='ewd-ufaq-show-on-load' \/>\n<input type='hidden' name='include_category' value='' id='ewd-ufaq-include-category' \/>\n<input type='hidden' name='exclude_category' value='' id='ewd-ufaq-exclude-category' \/>\n<input type='hidden' name='orderby' value='date' id='ewd-ufaq-orderby' \/>\n<input type='hidden' name='order' value='asc' id='ewd-ufaq-order' \/>\n<input type='hidden' name='post_count' value='-1' id='ewd-ufaq-post-count' \/>\n<input type='hidden' name='current_url' value='\/ca\/wp-json\/wp\/v2\/pages\/35632' id='ewd-ufaq-current-url' \/>\n\t\n\t\n\t<div class='ewd-ufaq-faqs'>\n\n\t\t<div  class=\"ewd-ufaq-faq-div ewd-ufaq-faq-column-count-one ewd-ufaq-faq-responsive-columns- ewd-ufaq-faq-display-style-one ewd-ufaq-can-be-toggled\" id='ewd-ufaq-post-14396-IXFQwSVyqM' data-post_id='14396'>\n\n\t\t\n\t<div class='ewd-ufaq-faq-title ewd-ufaq-faq-toggle'>\n\t\n\t<a class='ewd-ufaq-post-margin'  href='#' role=\"button\">\n\n\t\t<div class='ewd-ufaq-post-margin-symbol ewd-ufaq-square'>\n\t\t\t<span >A<\/span>\n\t\t<\/div>\n\n\t\t<div class='ewd-ufaq-faq-title-text'>\n\n\t\t\t<h4>\n\t\t\t\t\u00bfQu\u00e9 pasa si he pagado pero no puedo asistir a clase?\t\t\t<\/h4>\n\n\t\t<\/div>\n\n\t\t<div class='ewd-ufaq-clear'><\/div>\n\n\t<\/a>\n\t\n<\/div>\n\t\n\t<div class='ewd-ufaq-faq-body' >\n\n\t\t\n\t\t\t\n\t\t\n\t\t\t<div class='ewd-ufaq-post-margin ewd-ufaq-faq-post'>\n\t<p>Si has pagado y no puedes acudir a clase, lo consideramos como falta de asistencia. El servicio te lo hemos ofrecido por lo que la devoluci\u00f3n es imposible.  Sin embargo, Clicasia te da la posibilidad de cambiarte, sin coste adicional, a otro grupo o modalidad (online o particulares) que se adapte mejor a tus necesidades y circunstancias siempre que tu falta sea justificada y se haya realizado con antelaci\u00f3n.<\/p>\n<p>En casos excepcionales, guardaremos tu importe para el pr\u00f3ximo trimestre siempre que existan grupos de tu nivel o queden plazas en el mismo.<\/p>\n<\/div>\n\t\t\n\t\t\t<div class='ewd-ufaq-faq-custom-fields'>\n\n\t\n<\/div>\n\t\t\n\t\t\t\n\t\t\n\t\t\t\n\t\t\n\t\t\t\n\t\t\n\t\t\t\n\t\t\n\t\t\t\n\t\t\n\t\t\t\t<div id=\"respond\" class=\"comment-respond\">\n\t\t<h3 id=\"reply-title\" class=\"comment-reply-title\">Deixa un comentari <small><a rel=\"nofollow\" id=\"cancel-comment-reply-link\" href=\"\/ca\/wp-json\/wp\/v2\/pages\/35632#respond\" style=\"display:none;\">Cancel\u00b7la les respostes<\/a><\/small><\/h3><form action=\"https:\/\/clicasia.com\/wp-comments-post.php\" method=\"post\" id=\"commentform\" class=\"comment-form\"><p class=\"comment-notes\"><span id=\"email-notes\">L'adre\u00e7a electr\u00f2nica no es publicar\u00e0.<\/span> <span class=\"required-field-message\">Els camps necessaris estan marcats amb <span class=\"required\">*<\/span><\/span><\/p><p class=\"comment-form-author\"><label for=\"author\">Nom <span class=\"required\">*<\/span><\/label> <input id=\"author\" name=\"author\" type=\"text\" value=\"\" size=\"30\" maxlength=\"245\" autocomplete=\"name\" required \/><\/p>\n<p class=\"comment-form-email\"><label for=\"email\">Correu electr\u00f2nic <span class=\"required\">*<\/span><\/label> <input id=\"email\" name=\"email\" type=\"email\" value=\"\" size=\"30\" maxlength=\"100\" aria-describedby=\"email-notes\" autocomplete=\"email\" required \/><\/p>\n<p class=\"comment-form-url\"><label for=\"url\">Lloc web<\/label> <input id=\"url\" name=\"url\" type=\"url\" value=\"\" size=\"30\" maxlength=\"200\" autocomplete=\"url\" \/><\/p>\n<p class=\"comment-form-comment\"><label for=\"comment\">Comentari <span class=\"required\">*<\/span><\/label> <textarea id=\"comment\" name=\"comment\" cols=\"45\" rows=\"8\" maxlength=\"65525\" required><\/textarea><\/p><input name=\"wpml_language_code\" type=\"hidden\" value=\"ca\" \/><p class=\"form-submit\"><input name=\"submit\" type=\"submit\" id=\"submit\" class=\"submit\" value=\"Envia un comentari\" \/> <input type='hidden' name='comment_post_ID' value='14396' id='comment_post_ID' \/>\n<input type='hidden' name='comment_parent' id='comment_parent' value='0' \/>\n<\/p><p style=\"display: none;\"><input type=\"hidden\" id=\"akismet_comment_nonce\" name=\"akismet_comment_nonce\" value=\"3211f679b4\" \/><\/p><p style=\"display: none !important;\" class=\"akismet-fields-container\" data-prefix=\"ak_\"><label>&#916;<textarea name=\"ak_hp_textarea\" cols=\"45\" rows=\"8\" maxlength=\"100\"><\/textarea><\/label><input type=\"hidden\" id=\"ak_js_2\" name=\"ak_js\" value=\"3\"\/><script>document.getElementById( \"ak_js_2\" ).setAttribute( \"value\", ( new Date() ).getTime() );<\/script><\/p><\/form>\t<\/div><!-- #respond -->\n\t\n\t\t\n\t\t\t\n\t\t\n\t<\/div>\n\n<\/div>\n\t<\/div>\n\n\t\n<\/div>","protected":false},"excerpt":{"rendered":"<p>A \u00bfQu\u00e9 pasa si he pagado pero no puedo asistir a clase? Si has pagado y no puedes acudir a clase, lo consideramos como falta de asistencia. El servicio te lo hemos ofrecido por lo que la devoluci\u00f3n es imposible. Sin embargo, Clicasia te da la posibilidad de cambiarte, sin coste adicional, a otro grupo o modalidad (online o particulares) que se adapte mejor a tus necesidades y circunstancias siempre que tu falta sea justificada y se haya realizado con antelaci\u00f3n. En casos excepcionales, guardaremos tu importe para el pr\u00f3ximo trimestre siempre que existan grupos de tu nivel o queden plazas en el mismo. Deixa un comentari Cancel\u00b7la les respostes L&#8217;adre\u00e7a electr\u00f2nica no es publicar\u00e0. Els camps necessaris estan marcats amb * Nom * Correu electr\u00f2nic * Lloc web Comentari * &#916;<\/p>\n","protected":false},"author":2,"featured_media":0,"parent":0,"menu_order":8,"comment_status":"closed","ping_status":"closed","template":"","meta":{"_eb_attr":"","rop_custom_images_group":[],"rop_custom_messages_group":[],"rop_publish_now":"initial","rop_publish_now_accounts":[],"rop_publish_now_history":[],"rop_publish_now_status":"pending","_joinchat":[],"footnotes":""},"class_list":["post-35632","page","type-page","status-publish","hentry","post-no-thumbnail"],"_links":{"self":[{"href":"https:\/\/clicasia.com\/ca\/wp-json\/wp\/v2\/pages\/35632","targetHints":{"allow":["GET"]}}],"collection":[{"href":"https:\/\/clicasia.com\/ca\/wp-json\/wp\/v2\/pages"}],"about":[{"href":"https:\/\/clicasia.com\/ca\/wp-json\/wp\/v2\/types\/page"}],"author":[{"embeddable":true,"href":"https:\/\/clicasia.com\/ca\/wp-json\/wp\/v2\/users\/2"}],"replies":[{"embeddable":true,"href":"https:\/\/clicasia.com\/ca\/wp-json\/wp\/v2\/comments?post=35632"}],"version-history":[{"count":3,"href":"https:\/\/clicasia.com\/ca\/wp-json\/wp\/v2\/pages\/35632\/revisions"}],"predecessor-version":[{"id":35660,"href":"https:\/\/clicasia.com\/ca\/wp-json\/wp\/v2\/pages\/35632\/revisions\/35660"}],"wp:attachment":[{"href":"https:\/\/clicasia.com\/ca\/wp-json\/wp\/v2\/media?parent=35632"}],"curies":[{"name":"wp","href":"https:\/\/api.w.org\/{rel}","templated":true}]}}